{"id":293,"date":"2015-04-10T07:40:36","date_gmt":"2015-04-10T07:40:36","guid":{"rendered":"http:\/\/welcomebus.es\/home-2\/"},"modified":"2023-05-05T22:56:13","modified_gmt":"2023-05-05T22:56:13","slug":"home-2","status":"publish","type":"page","link":"https:\/\/welcomebus.es\/de\/","title":{"rendered":"Start"},"content":{"rendered":"<p style=\"text-align: center; margin-top: 50px; margin-bottom: 50px;\"><span style=\"font-size: 14pt;\">Rental Busse mit Welcome Bus Canarias. Wir bieten Bus, Minibus und Minivan-Service an. Wir sind auf Teneriffa und Gran Canaria. Wenn Sie m\u00f6chten, k\u00f6nnen Sie private Transfers und Ausfl\u00fcge auf den Kanarischen Inseln\u00a0<a href=\"https:\/\/welcomebus.es\/de\/kosten-flughafen-transfers\/\">buchen<\/a>. Auch Schultransport und Ausfl\u00fcge f\u00fcr Firmen.<\/span><\/p>\n","protected":false},"excerpt":{"rendered":"<p>Rental Busse mit Welcome Bus Canarias. Wir bieten Bus, Minibus und Minivan-Service an. Wir sind auf Teneriffa und Gran Canaria. Wenn Sie m\u00f6chten, k\u00f6nnen Sie private<span class=\"excerpt-hellip\"> [\u2026]<\/span><\/p>\n","protected":false},"author":2,"featured_media":803,"parent":0,"menu_order":0,"comment_status":"open","ping_status":"open","template":"","meta":{"footnotes":""},"class_list":["post-293","page","type-page","status-publish","has-post-thumbnail","hentry"],"yoast_head":"<!-- This site is optimized with the Yoast SEO Premium plugin v27.2 (Yoast SEO v27.2) - https:\/\/yoast.com\/product\/yoast-seo-premium-wordpress\/ -->\n<title>Busvermietung Bus Las Palmas, Gran Canaria, Welcome Bus<\/title>\n<meta name=\"description\" content=\"Busvermietung Bus Las Palmas, Gran Canaria, Welcome Bus Teneriffa. Buchen kanarischen Flugh\u00e4fen. Service von privaten Transfers, Exkursionen, Schulen,\" \/>\n<meta name=\"robots\" content=\"index, follow, max-snippet:-1, max-image-preview:large, max-video-preview:-1\" \/>\n<link rel=\"canonical\" href=\"https:\/\/welcomebus.es\/de\/\" \/>\n<meta property=\"og:locale\" content=\"de_DE\" \/>\n<meta property=\"og:type\" content=\"article\" \/>\n<meta property=\"og:title\" content=\"Busvermietung Bus Las Palmas, Gran Canaria, Welcome Bus\" \/>\n<meta property=\"og:description\" content=\"Busvermietung Bus Las Palmas, Gran Canaria, Welcome Bus Teneriffa. Buchen kanarischen Flugh\u00e4fen. Service von privaten Transfers, Exkursionen, Schulen,\" \/>\n<meta property=\"og:url\" content=\"https:\/\/welcomebus.es\/de\/\" \/>\n<meta property=\"og:site_name\" content=\"Welcome Bus\" \/>\n<meta property=\"article:publisher\" content=\"https:\/\/www.facebook.com\/profile.php?id=100063951604350\" \/>\n<meta property=\"article:modified_time\" content=\"2023-05-05T22:56:13+00:00\" \/>\n<meta property=\"og:image\" content=\"https:\/\/welcomebus.es\/wp-content\/uploads\/2019\/03\/logo-bus.jpg\" \/>\n\t<meta property=\"og:image:width\" content=\"1599\" \/>\n\t<meta property=\"og:image:height\" content=\"1599\" \/>\n\t<meta property=\"og:image:type\" content=\"image\/jpeg\" \/>\n<meta name=\"twitter:card\" content=\"summary_large_image\" \/>\n<meta name=\"twitter:title\" content=\"Busvermietung Bus Las Palmas, Gran Canaria, Welcome Bus\" \/>\n<meta name=\"twitter:description\" content=\"Busvermietung Bus Las Palmas, Gran Canaria, Welcome Bus Teneriffa. Buchen kanarischen Flugh\u00e4fen. Service von privaten Transfers, Exkursionen, Schulen,\" \/>\n<meta name=\"twitter:image\" content=\"https:\/\/welcomebus.es\/wp-content\/uploads\/2019\/03\/logo-bus.jpg\" \/>\n<meta name=\"twitter:label1\" content=\"Gesch\u00e4tzte Lesezeit\" \/>\n\t<meta name=\"twitter:data1\" content=\"1\u00a0Minute\" \/>\n<script type=\"application\/ld+json\" class=\"yoast-schema-graph\">{\"@context\":\"https:\/\/schema.org\",\"@graph\":[{\"@type\":\"WebPage\",\"@id\":\"https:\/\/welcomebus.es\/de\/\",\"url\":\"https:\/\/welcomebus.es\/de\/\",\"name\":\"Busvermietung Bus Las Palmas, Gran Canaria, Welcome Bus\",\"isPartOf\":{\"@id\":\"https:\/\/welcomebus.es\/#website\"},\"primaryImageOfPage\":{\"@id\":\"https:\/\/welcomebus.es\/de\/#primaryimage\"},\"image\":{\"@id\":\"https:\/\/welcomebus.es\/de\/#primaryimage\"},\"thumbnailUrl\":\"https:\/\/welcomebus.es\/wp-content\/uploads\/2019\/03\/logo-bus.jpg\",\"datePublished\":\"2015-04-10T07:40:36+00:00\",\"dateModified\":\"2023-05-05T22:56:13+00:00\",\"description\":\"Busvermietung Bus Las Palmas, Gran Canaria, Welcome Bus Teneriffa. Buchen kanarischen Flugh\u00e4fen. Service von privaten Transfers, Exkursionen, Schulen,\",\"breadcrumb\":{\"@id\":\"https:\/\/welcomebus.es\/de\/#breadcrumb\"},\"inLanguage\":\"de\",\"potentialAction\":[{\"@type\":\"ReadAction\",\"target\":[\"https:\/\/welcomebus.es\/de\/\"]}]},{\"@type\":\"ImageObject\",\"inLanguage\":\"de\",\"@id\":\"https:\/\/welcomebus.es\/de\/#primaryimage\",\"url\":\"https:\/\/welcomebus.es\/wp-content\/uploads\/2019\/03\/logo-bus.jpg\",\"contentUrl\":\"https:\/\/welcomebus.es\/wp-content\/uploads\/2019\/03\/logo-bus.jpg\",\"width\":1599,\"height\":1599,\"caption\":\"Alquiler de Guagua\"},{\"@type\":\"BreadcrumbList\",\"@id\":\"https:\/\/welcomebus.es\/de\/#breadcrumb\",\"itemListElement\":[{\"@type\":\"ListItem\",\"position\":1,\"name\":\"Home\",\"item\":\"https:\/\/welcomebus.es\/de\/\"},{\"@type\":\"ListItem\",\"position\":2,\"name\":\"Start\"}]},{\"@type\":\"WebSite\",\"@id\":\"https:\/\/welcomebus.es\/#website\",\"url\":\"https:\/\/welcomebus.es\/\",\"name\":\"Welcome Bus\",\"description\":\"Buchung Gran Canaria und Teneriffa\",\"publisher\":{\"@id\":\"https:\/\/welcomebus.es\/#organization\"},\"alternateName\":\"Welcomebus\",\"potentialAction\":[{\"@type\":\"SearchAction\",\"target\":{\"@type\":\"EntryPoint\",\"urlTemplate\":\"https:\/\/welcomebus.es\/?s={search_term_string}\"},\"query-input\":{\"@type\":\"PropertyValueSpecification\",\"valueRequired\":true,\"valueName\":\"search_term_string\"}}],\"inLanguage\":\"de\"},{\"@type\":\"Organization\",\"@id\":\"https:\/\/welcomebus.es\/#organization\",\"name\":\"Welcome Bus Canarias\",\"alternateName\":\"Welcome Bus Canarias 2017 SL.\",\"url\":\"https:\/\/welcomebus.es\/\",\"logo\":{\"@type\":\"ImageObject\",\"inLanguage\":\"de\",\"@id\":\"https:\/\/welcomebus.es\/#\/schema\/logo\/image\/\",\"url\":\"https:\/\/welcomebus.es\/wp-content\/uploads\/2023\/05\/logo_welcomebus-512.png\",\"contentUrl\":\"https:\/\/welcomebus.es\/wp-content\/uploads\/2023\/05\/logo_welcomebus-512.png\",\"width\":512,\"height\":512,\"caption\":\"Welcome Bus Canarias\"},\"image\":{\"@id\":\"https:\/\/welcomebus.es\/#\/schema\/logo\/image\/\"},\"sameAs\":[\"https:\/\/www.facebook.com\/profile.php?id=100063951604350\"]}]}<\/script>\n<!-- \/ Yoast SEO Premium plugin. -->","yoast_head_json":{"title":"Busvermietung Bus Las Palmas, Gran Canaria, Welcome Bus","description":"Busvermietung Bus Las Palmas, Gran Canaria, Welcome Bus Teneriffa. Buchen kanarischen Flugh\u00e4fen. Service von privaten Transfers, Exkursionen, Schulen,","robots":{"index":"index","follow":"follow","max-snippet":"max-snippet:-1","max-image-preview":"max-image-preview:large","max-video-preview":"max-video-preview:-1"},"canonical":"https:\/\/welcomebus.es\/de\/","og_locale":"de_DE","og_type":"article","og_title":"Busvermietung Bus Las Palmas, Gran Canaria, Welcome Bus","og_description":"Busvermietung Bus Las Palmas, Gran Canaria, Welcome Bus Teneriffa. Buchen kanarischen Flugh\u00e4fen. Service von privaten Transfers, Exkursionen, Schulen,","og_url":"https:\/\/welcomebus.es\/de\/","og_site_name":"Welcome Bus","article_publisher":"https:\/\/www.facebook.com\/profile.php?id=100063951604350","article_modified_time":"2023-05-05T22:56:13+00:00","og_image":[{"width":1599,"height":1599,"url":"https:\/\/welcomebus.es\/wp-content\/uploads\/2019\/03\/logo-bus.jpg","type":"image\/jpeg"}],"twitter_card":"summary_large_image","twitter_title":"Busvermietung Bus Las Palmas, Gran Canaria, Welcome Bus","twitter_description":"Busvermietung Bus Las Palmas, Gran Canaria, Welcome Bus Teneriffa. Buchen kanarischen Flugh\u00e4fen. Service von privaten Transfers, Exkursionen, Schulen,","twitter_image":"https:\/\/welcomebus.es\/wp-content\/uploads\/2019\/03\/logo-bus.jpg","twitter_misc":{"Gesch\u00e4tzte Lesezeit":"1\u00a0Minute"},"schema":{"@context":"https:\/\/schema.org","@graph":[{"@type":"WebPage","@id":"https:\/\/welcomebus.es\/de\/","url":"https:\/\/welcomebus.es\/de\/","name":"Busvermietung Bus Las Palmas, Gran Canaria, Welcome Bus","isPartOf":{"@id":"https:\/\/welcomebus.es\/#website"},"primaryImageOfPage":{"@id":"https:\/\/welcomebus.es\/de\/#primaryimage"},"image":{"@id":"https:\/\/welcomebus.es\/de\/#primaryimage"},"thumbnailUrl":"https:\/\/welcomebus.es\/wp-content\/uploads\/2019\/03\/logo-bus.jpg","datePublished":"2015-04-10T07:40:36+00:00","dateModified":"2023-05-05T22:56:13+00:00","description":"Busvermietung Bus Las Palmas, Gran Canaria, Welcome Bus Teneriffa. Buchen kanarischen Flugh\u00e4fen. Service von privaten Transfers, Exkursionen, Schulen,","breadcrumb":{"@id":"https:\/\/welcomebus.es\/de\/#breadcrumb"},"inLanguage":"de","potentialAction":[{"@type":"ReadAction","target":["https:\/\/welcomebus.es\/de\/"]}]},{"@type":"ImageObject","inLanguage":"de","@id":"https:\/\/welcomebus.es\/de\/#primaryimage","url":"https:\/\/welcomebus.es\/wp-content\/uploads\/2019\/03\/logo-bus.jpg","contentUrl":"https:\/\/welcomebus.es\/wp-content\/uploads\/2019\/03\/logo-bus.jpg","width":1599,"height":1599,"caption":"Alquiler de Guagua"},{"@type":"BreadcrumbList","@id":"https:\/\/welcomebus.es\/de\/#breadcrumb","itemListElement":[{"@type":"ListItem","position":1,"name":"Home","item":"https:\/\/welcomebus.es\/de\/"},{"@type":"ListItem","position":2,"name":"Start"}]},{"@type":"WebSite","@id":"https:\/\/welcomebus.es\/#website","url":"https:\/\/welcomebus.es\/","name":"Welcome Bus","description":"Buchung Gran Canaria und Teneriffa","publisher":{"@id":"https:\/\/welcomebus.es\/#organization"},"alternateName":"Welcomebus","potentialAction":[{"@type":"SearchAction","target":{"@type":"EntryPoint","urlTemplate":"https:\/\/welcomebus.es\/?s={search_term_string}"},"query-input":{"@type":"PropertyValueSpecification","valueRequired":true,"valueName":"search_term_string"}}],"inLanguage":"de"},{"@type":"Organization","@id":"https:\/\/welcomebus.es\/#organization","name":"Welcome Bus Canarias","alternateName":"Welcome Bus Canarias 2017 SL.","url":"https:\/\/welcomebus.es\/","logo":{"@type":"ImageObject","inLanguage":"de","@id":"https:\/\/welcomebus.es\/#\/schema\/logo\/image\/","url":"https:\/\/welcomebus.es\/wp-content\/uploads\/2023\/05\/logo_welcomebus-512.png","contentUrl":"https:\/\/welcomebus.es\/wp-content\/uploads\/2023\/05\/logo_welcomebus-512.png","width":512,"height":512,"caption":"Welcome Bus Canarias"},"image":{"@id":"https:\/\/welcomebus.es\/#\/schema\/logo\/image\/"},"sameAs":["https:\/\/www.facebook.com\/profile.php?id=100063951604350"]}]}},"_links":{"self":[{"href":"https:\/\/welcomebus.es\/de\/wp-json\/wp\/v2\/pages\/293","targetHints":{"allow":["GET"]}}],"collection":[{"href":"https:\/\/welcomebus.es\/de\/wp-json\/wp\/v2\/pages"}],"about":[{"href":"https:\/\/welcomebus.es\/de\/wp-json\/wp\/v2\/types\/page"}],"author":[{"embeddable":true,"href":"https:\/\/welcomebus.es\/de\/wp-json\/wp\/v2\/users\/2"}],"replies":[{"embeddable":true,"href":"https:\/\/welcomebus.es\/de\/wp-json\/wp\/v2\/comments?post=293"}],"version-history":[{"count":7,"href":"https:\/\/welcomebus.es\/de\/wp-json\/wp\/v2\/pages\/293\/revisions"}],"predecessor-version":[{"id":1008,"href":"https:\/\/welcomebus.es\/de\/wp-json\/wp\/v2\/pages\/293\/revisions\/1008"}],"wp:featuredmedia":[{"embeddable":true,"href":"https:\/\/welcomebus.es\/de\/wp-json\/wp\/v2\/media\/803"}],"wp:attachment":[{"href":"https:\/\/welcomebus.es\/de\/wp-json\/wp\/v2\/media?parent=293"}],"curies":[{"name":"wp","href":"https:\/\/api.w.org\/{rel}","templated":true}]}}