{"id":313,"date":"2015-04-13T12:59:03","date_gmt":"2015-04-13T12:59:03","guid":{"rendered":"http:\/\/welcomebus.es\/?page_id=313"},"modified":"2019-01-18T21:29:37","modified_gmt":"2019-01-18T21:29:37","slug":"transfer-dienste","status":"publish","type":"page","link":"https:\/\/welcomebus.es\/de\/transfer-dienste\/","title":{"rendered":"Transfer Dienste"},"content":{"rendered":"<section class=\"wpb-content-wrapper\"><div class=\"vc_row wpb_row vc_row-fluid vc_custom_1546955869717\"><div class=\"wpb_column vc_column_container vc_col-sm-12\"><div class=\"vc_column-inner\"><div class=\"wpb_wrapper\"><div class=\"ult-animation  ult-animate-viewport  ult-no-mobile \" data-animate=\"slideInDown\" data-animation-delay=\"0\" data-animation-duration=\"1\" data-animation-iteration=\"1\" style=\"opacity:0;\" data-opacity_start_effect=\"\"><div id=\"ultimate-heading-446269e9df4bcb52b\" class=\"uvc-heading ult-adjust-bottom-margin ultimate-heading-446269e9df4bcb52b uvc-1467 \" data-hspacer=\"no_spacer\"  data-halign=\"center\" style=\"text-align:center\"><div class=\"uvc-heading-spacer no_spacer\" style=\"top\"><\/div><div class=\"uvc-main-heading ult-responsive\"  data-ultimate-target='.uvc-heading.ultimate-heading-446269e9df4bcb52b h2'  data-responsive-json-new='{\"font-size\":\"\",\"line-height\":\"\"}' ><h2 style=\"font-weight:normal;\">WELCOME BUS CANARIAS<\/h2><\/div><div class=\"uvc-sub-heading ult-responsive\"  data-ultimate-target='.uvc-heading.ultimate-heading-446269e9df4bcb52b .uvc-sub-heading '  data-responsive-json-new='{\"font-size\":\"\",\"line-height\":\"\"}'  style=\"font-weight:normal;\">Private Service Transfers Unternehmen auf den Kanarischen Inseln<\/div><\/div><\/div><\/div><\/div><\/div><\/div><div class=\"vc_row wpb_row vc_row-fluid\"><div class=\"wpb_column vc_column_container vc_col-sm-6\"><div class=\"vc_column-inner\"><div class=\"wpb_wrapper\">\n\t<div  class=\"wpb_single_image wpb_content_element vc_align_left  wpb_animate_when_almost_visible wpb_left-to-right left-to-right\">\n\t\t\n\t\t<figure class=\"wpb_wrapper vc_figure\">\n\t\t\t<div class=\"vc_single_image-wrapper   vc_box_border_grey\"><img decoding=\"async\" width=\"563\" height=\"340\" src=\"https:\/\/welcomebus.es\/wp-content\/uploads\/2018\/11\/home_transport_minivan.png\" class=\"vc_single_image-img attachment-full\" alt=\"\" title=\"home_transport_minivan\" srcset=\"https:\/\/welcomebus.es\/wp-content\/uploads\/2018\/11\/home_transport_minivan.png 563w, https:\/\/welcomebus.es\/wp-content\/uploads\/2018\/11\/home_transport_minivan-242x146.png 242w, https:\/\/welcomebus.es\/wp-content\/uploads\/2018\/11\/home_transport_minivan-50x30.png 50w, https:\/\/welcomebus.es\/wp-content\/uploads\/2018\/11\/home_transport_minivan-124x75.png 124w, https:\/\/welcomebus.es\/wp-content\/uploads\/2018\/11\/home_transport_minivan-20x12.png 20w\" sizes=\"(max-width:767px) 480px, 563px\" \/><\/div>\n\t\t<\/figure>\n\t<\/div>\n<\/div><\/div><\/div><div class=\"wpb_column vc_column_container vc_col-sm-6\"><div class=\"vc_column-inner\"><div class=\"wpb_wrapper\">\n\t<div class=\"wpb_text_column wpb_content_element \" >\n\t\t<div class=\"wpb_wrapper\">\n\t\t\t<h3>Unsere Firma<\/h3>\n<p class=\"big\">Wir bieten Ihnen die M\u00f6glichkeit, einen privaten Busservice f\u00fcr jede Veranstaltung, jeden Ausflug oder jede Art von Reise zu und von jedem anderen Punkt der Inseln Gran Canaria und Teneriffa zu buchen. Transport f\u00fcr Firmen, Sportmannschaften, f\u00fcr Hochzeiten, Veranstaltungen, Ausfl\u00fcge und Reisen, f\u00fcr Gruppen bis zu 60 Personen pro Fahrzeug.<\/p>\n<p class=\"big\">Obwohl das Unternehmen Welcome Bus vor kurzem gegr\u00fcndet wurde, wird es durch die Erfahrung und Professionalit\u00e4t eines Familienunternehmens mit mehr als 70 Jahren Erfahrung im Personenverkehr auf den Kanarischen Inseln untermauert. Wir haben eine gro\u00dfe Auswahl an Fahrzeugen und Bussen, die sich an Ihre Bed\u00fcrfnisse anpassen.<\/p>\n\n\t\t<\/div>\n\t<\/div>\n<\/div><\/div><\/div><\/div><div class=\"vc_row wpb_row vc_row-fluid wpb_animate_when_almost_visible wpb_fadeIn fadeIn vc_custom_1546956030572\"><div class=\"wpb_column vc_column_container vc_col-sm-12\"><div class=\"vc_column-inner\"><div class=\"wpb_wrapper\"><div id=\"ultimate-heading-35269e9df4bd5a6a\" class=\"uvc-heading ult-adjust-bottom-margin ultimate-heading-35269e9df4bd5a6a uvc-8594 \" data-hspacer=\"no_spacer\"  data-halign=\"center\" style=\"text-align:center\"><div class=\"uvc-heading-spacer no_spacer\" style=\"top\"><\/div><div class=\"uvc-main-heading ult-responsive\"  data-ultimate-target='.uvc-heading.ultimate-heading-35269e9df4bd5a6a h2'  data-responsive-json-new='{\"font-size\":\"\",\"line-height\":\"\"}' ><h2 style=\"font-weight:normal;\">Liste der Dienstleistungen und Vorteile, die wir anbieten<\/h2><\/div><\/div><\/div><\/div><\/div><\/div><div class=\"vc_row wpb_row vc_row-fluid\"><div class=\"wpb_column vc_column_container vc_col-sm-6\"><div class=\"vc_column-inner\"><div class=\"wpb_wrapper\"><div class=\"aio-icon-component    style_2\"><div id=\"Info-box-wrap-8140\" class=\"aio-icon-box square_box-icon\" style=\"\"  ><div class=\"aio-icon-square_box\"><div class=\"ult-just-icon-wrapper  \"><div class=\"align-icon\" style=\"text-align:center;\">\n<div class=\"aio-icon-img  uavc-circle \" style=\"font-size:48px;background:#e5e5e5;display:inline-block;\" data-animation=\"slideInLeft\" data-animation-delay=\"03\">\n\t<img decoding=\"async\" class=\"img-icon\" alt=\"null\" src=\"https:\/\/welcomebus.es\/wp-content\/uploads\/2018\/12\/autobus.png\"\/>\n<\/div><\/div><\/div><\/div><div class=\"aio-icon-header\" ><h3 class=\"aio-icon-title ult-responsive\"  data-ultimate-target='#Info-box-wrap-8140 .aio-icon-title'  data-responsive-json-new='{\"font-size\":\"\",\"line-height\":\"\"}'  style=\"\">MODERNE FLOTTE UND IN ST\u00c4NDIGER ERNEUERUNG<\/h3><\/div> <!-- header --><\/div> <!-- aio-icon-box --><\/div> <!-- aio-icon-component --><div class=\"aio-icon-component    style_2\"><div id=\"Info-box-wrap-6614\" class=\"aio-icon-box square_box-icon\" style=\"\"  ><div class=\"aio-icon-square_box\"><div class=\"ult-just-icon-wrapper  \"><div class=\"align-icon\" style=\"text-align:center;\">\n<div class=\"aio-icon-img  uavc-circle \" style=\"font-size:48px;background:#e5e5e5;display:inline-block;\" data-animation=\"fadeInLeft\" data-animation-delay=\"03\">\n\t<img decoding=\"async\" class=\"img-icon\" alt=\"null\" src=\"https:\/\/welcomebus.es\/wp-content\/uploads\/2018\/12\/24h.png\"\/>\n<\/div><\/div><\/div><\/div><div class=\"aio-icon-header\" ><h3 class=\"aio-icon-title ult-responsive\"  data-ultimate-target='#Info-box-wrap-6614 .aio-icon-title'  data-responsive-json-new='{\"font-size\":\"\",\"line-height\":\"\"}'  style=\"\">24 STUNDEN SUPPORT<\/h3><\/div> <!-- header --><\/div> <!-- aio-icon-box --><\/div> <!-- aio-icon-component --><div class=\"aio-icon-component    style_2\"><div id=\"Info-box-wrap-1963\" class=\"aio-icon-box square_box-icon\" style=\"\"  ><div class=\"aio-icon-square_box\"><div class=\"ult-just-icon-wrapper  \"><div class=\"align-icon\" style=\"text-align:center;\">\n<div class=\"aio-icon-img  uavc-circle \" style=\"font-size:48px;background:#e5e5e5;display:inline-block;\" data-animation=\"slideInLeft\" data-animation-delay=\"03\">\n\t<img decoding=\"async\" class=\"img-icon\" alt=\"null\" src=\"https:\/\/welcomebus.es\/wp-content\/uploads\/2018\/12\/handicap.png\"\/>\n<\/div><\/div><\/div><\/div><div class=\"aio-icon-header\" ><h3 class=\"aio-icon-title ult-responsive\"  data-ultimate-target='#Info-box-wrap-1963 .aio-icon-title'  data-responsive-json-new='{\"font-size\":\"\",\"line-height\":\"\"}'  style=\"\">ROLLSTUHLGERECHTE FAHRZEUGE<\/h3><\/div> <!-- header --><\/div> <!-- aio-icon-box --><\/div> <!-- aio-icon-component --><div class=\"aio-icon-component    style_2\"><div id=\"Info-box-wrap-8424\" class=\"aio-icon-box square_box-icon\" style=\"\"  ><div class=\"aio-icon-square_box\"><div class=\"ult-just-icon-wrapper  \"><div class=\"align-icon\" style=\"text-align:center;\">\n<div class=\"aio-icon-img  uavc-circle \" style=\"font-size:48px;background:#e5e5e5;display:inline-block;\" data-animation=\"fadeInLeft\" data-animation-delay=\"03\">\n\t<img decoding=\"async\" class=\"img-icon\" alt=\"null\" src=\"https:\/\/welcomebus.es\/wp-content\/uploads\/2018\/12\/baby.png\"\/>\n<\/div><\/div><\/div><\/div><div class=\"aio-icon-header\" ><h3 class=\"aio-icon-title ult-responsive\"  data-ultimate-target='#Info-box-wrap-8424 .aio-icon-title'  data-responsive-json-new='{\"font-size\":\"\",\"line-height\":\"\"}'  style=\"\">F\u00dcR KINDER GEEIGNETE FAHRZEUGE<\/h3><\/div> <!-- header --><\/div> <!-- aio-icon-box --><\/div> <!-- aio-icon-component --><div class=\"aio-icon-component    style_2\"><div id=\"Info-box-wrap-2678\" class=\"aio-icon-box square_box-icon\" style=\"\"  ><div class=\"aio-icon-square_box\"><div class=\"ult-just-icon-wrapper  \"><div class=\"align-icon\" style=\"text-align:center;\">\n<div class=\"aio-icon-img  uavc-circle \" style=\"font-size:48px;background:#e5e5e5;display:inline-block;\" data-animation=\"fadeInLeft\" data-animation-delay=\"03\">\n\t<img decoding=\"async\" class=\"img-icon\" alt=\"null\" src=\"https:\/\/welcomebus.es\/wp-content\/uploads\/2018\/12\/airport-transfers.png\"\/>\n<\/div><\/div><\/div><\/div><div class=\"aio-icon-header\" ><h3 class=\"aio-icon-title ult-responsive\"  data-ultimate-target='#Info-box-wrap-2678 .aio-icon-title'  data-responsive-json-new='{\"font-size\":\"\",\"line-height\":\"\"}'  style=\"\">FLUGHAFENTRANSFERS<\/h3><\/div> <!-- header --><\/div> <!-- aio-icon-box --><\/div> <!-- aio-icon-component --><div class=\"aio-icon-component    style_2\"><div id=\"Info-box-wrap-3323\" class=\"aio-icon-box square_box-icon\" style=\"\"  ><div class=\"aio-icon-square_box\"><div class=\"ult-just-icon-wrapper  \"><div class=\"align-icon\" style=\"text-align:center;\">\n<div class=\"aio-icon-img  uavc-circle \" style=\"font-size:48px;background:#e5e5e5;display:inline-block;\" data-animation=\"fadeInLeft\" data-animation-delay=\"03\">\n\t<img decoding=\"async\" class=\"img-icon\" alt=\"null\" src=\"https:\/\/welcomebus.es\/wp-content\/uploads\/2018\/12\/school.png\"\/>\n<\/div><\/div><\/div><\/div><div class=\"aio-icon-header\" ><h3 class=\"aio-icon-title ult-responsive\"  data-ultimate-target='#Info-box-wrap-3323 .aio-icon-title'  data-responsive-json-new='{\"font-size\":\"\",\"line-height\":\"\"}'  style=\"\">SCHULTRANSPORT<\/h3><\/div> <!-- header --><\/div> <!-- aio-icon-box --><\/div> <!-- aio-icon-component --><div class=\"aio-icon-component    style_2\"><div id=\"Info-box-wrap-4757\" class=\"aio-icon-box square_box-icon\" style=\"\"  ><div class=\"aio-icon-square_box\"><div class=\"ult-just-icon-wrapper  \"><div class=\"align-icon\" style=\"text-align:center;\">\n<div class=\"aio-icon-img  uavc-circle \" style=\"font-size:48px;background:#e5e5e5;display:inline-block;\" data-animation=\"fadeInLeft\" data-animation-delay=\"03\">\n\t<img decoding=\"async\" class=\"img-icon\" alt=\"null\" src=\"https:\/\/welcomebus.es\/wp-content\/uploads\/2018\/12\/sport.png\"\/>\n<\/div><\/div><\/div><\/div><div class=\"aio-icon-header\" ><h3 class=\"aio-icon-title ult-responsive\"  data-ultimate-target='#Info-box-wrap-4757 .aio-icon-title'  data-responsive-json-new='{\"font-size\":\"\",\"line-height\":\"\"}'  style=\"\">TRANSFERS VON SPORTMANNSCHAFTEN<\/h3><\/div> <!-- header --><\/div> <!-- aio-icon-box --><\/div> <!-- aio-icon-component --><\/div><\/div><\/div><div class=\"wpb_column vc_column_container vc_col-sm-6\"><div class=\"vc_column-inner\"><div class=\"wpb_wrapper\"><div class=\"aio-icon-component    style_2\"><div id=\"Info-box-wrap-2031\" class=\"aio-icon-box square_box-icon\" style=\"\"  ><div class=\"aio-icon-square_box\"><div class=\"ult-just-icon-wrapper  \"><div class=\"align-icon\" style=\"text-align:center;\">\n<div class=\"aio-icon-img  uavc-circle \" style=\"font-size:48px;background:#e5e5e5;display:inline-block;\" data-animation=\"fadeInRight\" data-animation-delay=\"03\">\n\t<img decoding=\"async\" class=\"img-icon\" alt=\"null\" src=\"https:\/\/welcomebus.es\/wp-content\/uploads\/2018\/12\/driver.png\"\/>\n<\/div><\/div><\/div><\/div><div class=\"aio-icon-header\" ><h3 class=\"aio-icon-title ult-responsive\"  data-ultimate-target='#Info-box-wrap-2031 .aio-icon-title'  data-responsive-json-new='{\"font-size\":\"\",\"line-height\":\"\"}'  style=\"\">EXPERIMENTELLE FAHRER<\/h3><\/div> <!-- header --><\/div> <!-- aio-icon-box --><\/div> <!-- aio-icon-component --><div class=\"aio-icon-component    style_2\"><div id=\"Info-box-wrap-7545\" class=\"aio-icon-box square_box-icon\" style=\"\"  ><div class=\"aio-icon-square_box\"><div class=\"ult-just-icon-wrapper  \"><div class=\"align-icon\" style=\"text-align:center;\">\n<div class=\"aio-icon-img  uavc-circle \" style=\"font-size:48px;background:#e5e5e5;display:inline-block;\" data-animation=\"fadeInRight\" data-animation-delay=\"03\">\n\t<img decoding=\"async\" class=\"img-icon\" alt=\"null\" src=\"https:\/\/welcomebus.es\/wp-content\/uploads\/2018\/12\/calendar.png\"\/>\n<\/div><\/div><\/div><\/div><div class=\"aio-icon-header\" ><h3 class=\"aio-icon-title ult-responsive\"  data-ultimate-target='#Info-box-wrap-7545 .aio-icon-title'  data-responsive-json-new='{\"font-size\":\"\",\"line-height\":\"\"}'  style=\"\">BUCHUNG UND TERMINE AUF SIE ABGESTIMMT<\/h3><\/div> <!-- header --><\/div> <!-- aio-icon-box --><\/div> <!-- aio-icon-component --><div class=\"aio-icon-component    style_2\"><div id=\"Info-box-wrap-1886\" class=\"aio-icon-box square_box-icon\" style=\"\"  ><div class=\"aio-icon-square_box\"><div class=\"ult-just-icon-wrapper  \"><div class=\"align-icon\" style=\"text-align:center;\">\n<div class=\"aio-icon-img  uavc-circle \" style=\"font-size:48px;background:#e5e5e5;display:inline-block;\" data-animation=\"fadeInRight\" data-animation-delay=\"03\">\n\t<img decoding=\"async\" class=\"img-icon\" alt=\"null\" src=\"https:\/\/welcomebus.es\/wp-content\/uploads\/2018\/12\/equipaje.png\"\/>\n<\/div><\/div><\/div><\/div><div class=\"aio-icon-header\" ><h3 class=\"aio-icon-title ult-responsive\"  data-ultimate-target='#Info-box-wrap-1886 .aio-icon-title'  data-responsive-json-new='{\"font-size\":\"\",\"line-height\":\"\"}'  style=\"\">GEP\u00c4CK BIS ZU 15K PRO PERSON<\/h3><\/div> <!-- header --><\/div> <!-- aio-icon-box --><\/div> <!-- aio-icon-component --><div class=\"aio-icon-component    style_2\"><div id=\"Info-box-wrap-1173\" class=\"aio-icon-box square_box-icon\" style=\"\"  ><div class=\"aio-icon-square_box\"><div class=\"ult-just-icon-wrapper  \"><div class=\"align-icon\" style=\"text-align:center;\">\n<div class=\"aio-icon-img  uavc-circle \" style=\"font-size:48px;background:#e5e5e5;display:inline-block;\" data-animation=\"fadeInRight\" data-animation-delay=\"03\">\n\t<img decoding=\"async\" class=\"img-icon\" alt=\"null\" src=\"https:\/\/welcomebus.es\/wp-content\/uploads\/2018\/12\/dog.png\"\/>\n<\/div><\/div><\/div><\/div><div class=\"aio-icon-header\" ><h3 class=\"aio-icon-title ult-responsive\"  data-ultimate-target='#Info-box-wrap-1173 .aio-icon-title'  data-responsive-json-new='{\"font-size\":\"\",\"line-height\":\"\"}'  style=\"\">HAUSTIERE IN DEINEM HAUSTIER ERLAUBT<\/h3><\/div> <!-- header --><\/div> <!-- aio-icon-box --><\/div> <!-- aio-icon-component --><div class=\"aio-icon-component    style_2\"><div id=\"Info-box-wrap-3133\" class=\"aio-icon-box square_box-icon\" style=\"\"  ><div class=\"aio-icon-square_box\"><div class=\"ult-just-icon-wrapper  \"><div class=\"align-icon\" style=\"text-align:center;\">\n<div class=\"aio-icon-img  uavc-circle \" style=\"font-size:48px;background:#e5e5e5;display:inline-block;\" data-animation=\"fadeInRight\" data-animation-delay=\"03\">\n\t<img decoding=\"async\" class=\"img-icon\" alt=\"null\" src=\"https:\/\/welcomebus.es\/wp-content\/uploads\/2018\/12\/excursion.png\"\/>\n<\/div><\/div><\/div><\/div><div class=\"aio-icon-header\" ><h3 class=\"aio-icon-title ult-responsive\"  data-ultimate-target='#Info-box-wrap-3133 .aio-icon-title'  data-responsive-json-new='{\"font-size\":\"\",\"line-height\":\"\"}'  style=\"\">TOUREN UND AUSFL\u00dcGE<\/h3><\/div> <!-- header --><\/div> <!-- aio-icon-box --><\/div> <!-- aio-icon-component --><div class=\"aio-icon-component    style_2\"><div id=\"Info-box-wrap-4279\" class=\"aio-icon-box square_box-icon\" style=\"\"  ><div class=\"aio-icon-square_box\"><div class=\"ult-just-icon-wrapper  \"><div class=\"align-icon\" style=\"text-align:center;\">\n<div class=\"aio-icon-img  uavc-circle \" style=\"font-size:48px;background:#e5e5e5;display:inline-block;\" data-animation=\"fadeInRight\" data-animation-delay=\"03\">\n\t<img decoding=\"async\" class=\"img-icon\" alt=\"null\" src=\"https:\/\/welcomebus.es\/wp-content\/uploads\/2018\/12\/bodas.png\"\/>\n<\/div><\/div><\/div><\/div><div class=\"aio-icon-header\" ><h3 class=\"aio-icon-title ult-responsive\"  data-ultimate-target='#Info-box-wrap-4279 .aio-icon-title'  data-responsive-json-new='{\"font-size\":\"\",\"line-height\":\"\"}'  style=\"\">HOCHZEITEN UND FEIERN<\/h3><\/div> <!-- header --><\/div> <!-- aio-icon-box --><\/div> <!-- aio-icon-component --><div class=\"aio-icon-component    style_2\"><div id=\"Info-box-wrap-5843\" class=\"aio-icon-box square_box-icon\" style=\"\"  ><div class=\"aio-icon-square_box\"><div class=\"ult-just-icon-wrapper  \"><div class=\"align-icon\" style=\"text-align:center;\">\n<div class=\"aio-icon-img  uavc-circle \" style=\"font-size:48px;background:#e5e5e5;display:inline-block;\" data-animation=\"fadeInRight\" data-animation-delay=\"03\">\n\t<img decoding=\"async\" class=\"img-icon\" alt=\"null\" src=\"https:\/\/welcomebus.es\/wp-content\/uploads\/2018\/12\/business.png\"\/>\n<\/div><\/div><\/div><\/div><div class=\"aio-icon-header\" ><h3 class=\"aio-icon-title ult-responsive\"  data-ultimate-target='#Info-box-wrap-5843 .aio-icon-title'  data-responsive-json-new='{\"font-size\":\"\",\"line-height\":\"\"}'  style=\"\">TRANSFERS VON GESCH\u00c4FTSREISEN<\/h3><\/div> <!-- header --><\/div> <!-- aio-icon-box --><\/div> <!-- aio-icon-component --><\/div><\/div><\/div><\/div>\n<\/section>","protected":false},"excerpt":{"rendered":"WELCOME BUS CANARIASPrivate Service Transfers Unternehmen auf den Kanarischen Inseln Unsere Firma Wir bieten Ihnen die M\u00f6glichkeit, einen privaten Busservice f\u00fcr jede Veranstaltung, jeden Ausflug oder<span class=\"excerpt-hellip\"> [\u2026]<\/span>","protected":false},"author":2,"featured_media":0,"parent":0,"menu_order":0,"comment_status":"open","ping_status":"open","template":"","meta":{"footnotes":""},"class_list":["post-313","page","type-page","status-publish","hentry"],"yoast_head":"<!-- This site is optimized with the Yoast SEO Premium plugin v27.2 (Yoast SEO v27.2) - https:\/\/yoast.com\/product\/yoast-seo-premium-wordpress\/ -->\n<title>Transfer Dienste - Welcome Bus<\/title>\n<meta name=\"robots\" content=\"index, follow, max-snippet:-1, max-image-preview:large, max-video-preview:-1\" \/>\n<link rel=\"canonical\" href=\"https:\/\/welcomebus.es\/de\/transfer-dienste\/\" \/>\n<meta property=\"og:locale\" content=\"de_DE\" \/>\n<meta property=\"og:type\" content=\"article\" \/>\n<meta property=\"og:title\" content=\"Transfer Dienste\" \/>\n<meta property=\"og:url\" content=\"https:\/\/welcomebus.es\/de\/transfer-dienste\/\" \/>\n<meta property=\"og:site_name\" content=\"Welcome Bus\" \/>\n<meta property=\"article:publisher\" content=\"https:\/\/www.facebook.com\/profile.php?id=100063951604350\" \/>\n<meta property=\"article:modified_time\" content=\"2019-01-18T21:29:37+00:00\" \/>\n<meta property=\"og:image\" content=\"https:\/\/welcomebus.es\/wp-content\/uploads\/2023\/05\/logo_welcomebus-512.png\" \/>\n\t<meta property=\"og:image:width\" content=\"512\" \/>\n\t<meta property=\"og:image:height\" content=\"512\" \/>\n\t<meta property=\"og:image:type\" content=\"image\/png\" \/>\n<meta name=\"twitter:card\" content=\"summary_large_image\" \/>\n<meta name=\"twitter:label1\" content=\"Gesch\u00e4tzte Lesezeit\" \/>\n\t<meta name=\"twitter:data1\" content=\"5\u00a0Minuten\" \/>\n<script type=\"application\/ld+json\" class=\"yoast-schema-graph\">{\"@context\":\"https:\/\/schema.org\",\"@graph\":[{\"@type\":\"WebPage\",\"@id\":\"https:\/\/welcomebus.es\/de\/transfer-dienste\/\",\"url\":\"https:\/\/welcomebus.es\/de\/transfer-dienste\/\",\"name\":\"Transfer Dienste - Welcome Bus\",\"isPartOf\":{\"@id\":\"https:\/\/welcomebus.es\/#website\"},\"datePublished\":\"2015-04-13T12:59:03+00:00\",\"dateModified\":\"2019-01-18T21:29:37+00:00\",\"breadcrumb\":{\"@id\":\"https:\/\/welcomebus.es\/de\/transfer-dienste\/#breadcrumb\"},\"inLanguage\":\"de\",\"potentialAction\":[{\"@type\":\"ReadAction\",\"target\":[\"https:\/\/welcomebus.es\/de\/transfer-dienste\/\"]}]},{\"@type\":\"BreadcrumbList\",\"@id\":\"https:\/\/welcomebus.es\/de\/transfer-dienste\/#breadcrumb\",\"itemListElement\":[{\"@type\":\"ListItem\",\"position\":1,\"name\":\"Home\",\"item\":\"https:\/\/welcomebus.es\/de\/\"},{\"@type\":\"ListItem\",\"position\":2,\"name\":\"Transfer Dienste\"}]},{\"@type\":\"WebSite\",\"@id\":\"https:\/\/welcomebus.es\/#website\",\"url\":\"https:\/\/welcomebus.es\/\",\"name\":\"Welcome Bus\",\"description\":\"Buchung Gran Canaria und Teneriffa\",\"publisher\":{\"@id\":\"https:\/\/welcomebus.es\/#organization\"},\"alternateName\":\"Welcomebus\",\"potentialAction\":[{\"@type\":\"SearchAction\",\"target\":{\"@type\":\"EntryPoint\",\"urlTemplate\":\"https:\/\/welcomebus.es\/?s={search_term_string}\"},\"query-input\":{\"@type\":\"PropertyValueSpecification\",\"valueRequired\":true,\"valueName\":\"search_term_string\"}}],\"inLanguage\":\"de\"},{\"@type\":\"Organization\",\"@id\":\"https:\/\/welcomebus.es\/#organization\",\"name\":\"Welcome Bus Canarias\",\"alternateName\":\"Welcome Bus Canarias 2017 SL.\",\"url\":\"https:\/\/welcomebus.es\/\",\"logo\":{\"@type\":\"ImageObject\",\"inLanguage\":\"de\",\"@id\":\"https:\/\/welcomebus.es\/#\/schema\/logo\/image\/\",\"url\":\"https:\/\/welcomebus.es\/wp-content\/uploads\/2023\/05\/logo_welcomebus-512.png\",\"contentUrl\":\"https:\/\/welcomebus.es\/wp-content\/uploads\/2023\/05\/logo_welcomebus-512.png\",\"width\":512,\"height\":512,\"caption\":\"Welcome Bus Canarias\"},\"image\":{\"@id\":\"https:\/\/welcomebus.es\/#\/schema\/logo\/image\/\"},\"sameAs\":[\"https:\/\/www.facebook.com\/profile.php?id=100063951604350\"]}]}<\/script>\n<!-- \/ Yoast SEO Premium plugin. -->","yoast_head_json":{"title":"Transfer Dienste - Welcome Bus","robots":{"index":"index","follow":"follow","max-snippet":"max-snippet:-1","max-image-preview":"max-image-preview:large","max-video-preview":"max-video-preview:-1"},"canonical":"https:\/\/welcomebus.es\/de\/transfer-dienste\/","og_locale":"de_DE","og_type":"article","og_title":"Transfer Dienste","og_url":"https:\/\/welcomebus.es\/de\/transfer-dienste\/","og_site_name":"Welcome Bus","article_publisher":"https:\/\/www.facebook.com\/profile.php?id=100063951604350","article_modified_time":"2019-01-18T21:29:37+00:00","og_image":[{"width":512,"height":512,"url":"https:\/\/welcomebus.es\/wp-content\/uploads\/2023\/05\/logo_welcomebus-512.png","type":"image\/png"}],"twitter_card":"summary_large_image","twitter_misc":{"Gesch\u00e4tzte Lesezeit":"5\u00a0Minuten"},"schema":{"@context":"https:\/\/schema.org","@graph":[{"@type":"WebPage","@id":"https:\/\/welcomebus.es\/de\/transfer-dienste\/","url":"https:\/\/welcomebus.es\/de\/transfer-dienste\/","name":"Transfer Dienste - Welcome Bus","isPartOf":{"@id":"https:\/\/welcomebus.es\/#website"},"datePublished":"2015-04-13T12:59:03+00:00","dateModified":"2019-01-18T21:29:37+00:00","breadcrumb":{"@id":"https:\/\/welcomebus.es\/de\/transfer-dienste\/#breadcrumb"},"inLanguage":"de","potentialAction":[{"@type":"ReadAction","target":["https:\/\/welcomebus.es\/de\/transfer-dienste\/"]}]},{"@type":"BreadcrumbList","@id":"https:\/\/welcomebus.es\/de\/transfer-dienste\/#breadcrumb","itemListElement":[{"@type":"ListItem","position":1,"name":"Home","item":"https:\/\/welcomebus.es\/de\/"},{"@type":"ListItem","position":2,"name":"Transfer Dienste"}]},{"@type":"WebSite","@id":"https:\/\/welcomebus.es\/#website","url":"https:\/\/welcomebus.es\/","name":"Welcome Bus","description":"Buchung Gran Canaria und Teneriffa","publisher":{"@id":"https:\/\/welcomebus.es\/#organization"},"alternateName":"Welcomebus","potentialAction":[{"@type":"SearchAction","target":{"@type":"EntryPoint","urlTemplate":"https:\/\/welcomebus.es\/?s={search_term_string}"},"query-input":{"@type":"PropertyValueSpecification","valueRequired":true,"valueName":"search_term_string"}}],"inLanguage":"de"},{"@type":"Organization","@id":"https:\/\/welcomebus.es\/#organization","name":"Welcome Bus Canarias","alternateName":"Welcome Bus Canarias 2017 SL.","url":"https:\/\/welcomebus.es\/","logo":{"@type":"ImageObject","inLanguage":"de","@id":"https:\/\/welcomebus.es\/#\/schema\/logo\/image\/","url":"https:\/\/welcomebus.es\/wp-content\/uploads\/2023\/05\/logo_welcomebus-512.png","contentUrl":"https:\/\/welcomebus.es\/wp-content\/uploads\/2023\/05\/logo_welcomebus-512.png","width":512,"height":512,"caption":"Welcome Bus Canarias"},"image":{"@id":"https:\/\/welcomebus.es\/#\/schema\/logo\/image\/"},"sameAs":["https:\/\/www.facebook.com\/profile.php?id=100063951604350"]}]}},"_links":{"self":[{"href":"https:\/\/welcomebus.es\/de\/wp-json\/wp\/v2\/pages\/313","targetHints":{"allow":["GET"]}}],"collection":[{"href":"https:\/\/welcomebus.es\/de\/wp-json\/wp\/v2\/pages"}],"about":[{"href":"https:\/\/welcomebus.es\/de\/wp-json\/wp\/v2\/types\/page"}],"author":[{"embeddable":true,"href":"https:\/\/welcomebus.es\/de\/wp-json\/wp\/v2\/users\/2"}],"replies":[{"embeddable":true,"href":"https:\/\/welcomebus.es\/de\/wp-json\/wp\/v2\/comments?post=313"}],"version-history":[{"count":0,"href":"https:\/\/welcomebus.es\/de\/wp-json\/wp\/v2\/pages\/313\/revisions"}],"wp:attachment":[{"href":"https:\/\/welcomebus.es\/de\/wp-json\/wp\/v2\/media?parent=313"}],"curies":[{"name":"wp","href":"https:\/\/api.w.org\/{rel}","templated":true}]}}