{"id":344,"date":"2018-11-27T11:51:20","date_gmt":"2018-11-27T11:51:20","guid":{"rendered":"http:\/\/welcomebus.es\/faqs\/"},"modified":"2019-01-16T20:48:30","modified_gmt":"2019-01-16T20:48:30","slug":"faqs","status":"publish","type":"page","link":"https:\/\/welcomebus.es\/de\/faqs\/","title":{"rendered":"FAQs"},"content":{"rendered":"<section class=\"wpb-content-wrapper\"><div class=\"vc_row wpb_row vc_row-fluid vc_custom_1543936573426\"><div class=\"wpb_column vc_column_container vc_col-sm-12\"><div class=\"vc_column-inner\"><div class=\"wpb_wrapper\"><div class=\"fancy_heading fancy_heading_line\"><div class=\"fh-top\"><\/div><h2 class=\"title\">H\u00e4ufig gestellte Fragen<\/h2><\/div>\n\n\t<div class=\"wpb_text_column wpb_content_element \" >\n\t\t<div class=\"wpb_wrapper\">\n\t\t\t<!-- Accordion Template -->\r\n<div class=\"pressapps_faq_accordion\">\r\n            <div class=\"pafa-accordion pafa-icon\">\r\n            <h3 class=\"pafa-accordion-q\"><span style=\"background-color:#ef3737; border-radius: 0px; ?>;\"><i class=\"si-add-2\" style=\"color: #ffffff\"><\/i><\/span>Wie viel Gep\u00e4ck kann ich mitnehmen?<\/h3>\r\n            <div class=\"pafa-accordion-a\">\r\n                <section class=\"wpb-content-wrapper\"><div class=\"vc_row wpb_row vc_row-fluid\"><div class=\"wpb_column vc_column_container vc_col-sm-12\"><div class=\"vc_column-inner\"><div class=\"wpb_wrapper\">\n\t<div class=\"wpb_text_column wpb_content_element \" >\n\t\t<div class=\"wpb_wrapper\">\n\t\t\t<p>Jeder Reisende kann bis zu 15 kg kostenlos transportieren. Von Gep\u00e4ck, das sich im Bereich des Laderaums des Fahrzeugs befinden muss.<br \/>\nIn der Kabine neben dem Passagier kann jeder Reisende mit vorheriger Genehmigung des Fahrers kleines Handgep\u00e4ck mitf\u00fchren. Es ist zu ber\u00fccksichtigen, dass es nicht gestattet ist, mit st\u00f6renden oder gef\u00e4hrlichen Stoffen oder Gegenst\u00e4nden (z. B. brennbaren, giftigen, \u00e4tzenden, infekti\u00f6sen oder radioaktiven Stoffen) sowie Gegenst\u00e4nden mit einem \u00fcberm\u00e4\u00dfigen Volumen zu reisen oder Gewicht oder unzureichend. Wenn Sie Gegenst\u00e4nde wie Fahrr\u00e4der, Surfbretter oder Skier transportieren m\u00f6chten, empfehlen wir Ihnen, vorher den Zustand des Busses zu \u00fcberpr\u00fcfen, um die Transportf\u00e4higkeit und die Platzierung des Transports sicherzustellen. Abschlie\u00dfend m\u00f6chten wir Sie daran erinnern, dass ein Kleinbus weniger Stauraum und Kofferraum hat, weshalb die Gr\u00f6\u00dfe und das Gewicht des Gep\u00e4cks jedes Reisenden geringer sein m\u00fcssen.<\/p>\n\n\t\t<\/div>\n\t<\/div>\n<\/div><\/div><\/div><\/div>\n<\/section>            <\/div>\r\n        <\/div>\r\n                <div class=\"pafa-accordion pafa-icon\">\r\n            <h3 class=\"pafa-accordion-q\"><span style=\"background-color:#ef3737; border-radius: 0px; ?>;\"><i class=\"si-add-2\" style=\"color: #ffffff\"><\/i><\/span>Sind die Fahrzeuge f\u00fcr Menschen mit eingeschr\u00e4nkter Mobilit\u00e4t geeignet?<\/h3>\r\n            <div class=\"pafa-accordion-a\">\r\n                <section class=\"wpb-content-wrapper\"><div class=\"vc_row wpb_row vc_row-fluid\"><div class=\"wpb_column vc_column_container vc_col-sm-12\"><div class=\"vc_column-inner\"><div class=\"wpb_wrapper\">\n\t<div class=\"wpb_text_column wpb_content_element \" >\n\t\t<div class=\"wpb_wrapper\">\n\t\t\t<p>Ja Die Fahrzeuge des Welcome Bus Canarias sind mit Zugangsrampen f\u00fcr Behinderte sowie einem Niederflursystem und einer Hubplattform ausgestattet.<br \/>\nNat\u00fcrlich sind unsere Fahrer in der Handhabung und Benutzung dieser Rampen sowie in der Aufmerksamkeit von Benutzern mit Mobilit\u00e4tsschwierigkeiten geschult, so dass die Reisenden f\u00fcr jede Route auf Gran Canaria oder Teneriffa am besten geeignet sind.<\/p>\n\n\t\t<\/div>\n\t<\/div>\n<\/div><\/div><\/div><\/div>\n<\/section>            <\/div>\r\n        <\/div>\r\n                <div class=\"pafa-accordion pafa-icon\">\r\n            <h3 class=\"pafa-accordion-q\"><span style=\"background-color:#ef3737; border-radius: 0px; ?>;\"><i class=\"si-add-2\" style=\"color: #ffffff\"><\/i><\/span>Sind die Fahrzeuge f\u00fcr Kinder unter 3 Jahren zugelassen?<\/h3>\r\n            <div class=\"pafa-accordion-a\">\r\n                <section class=\"wpb-content-wrapper\"><div class=\"vc_row wpb_row vc_row-fluid\"><div class=\"wpb_column vc_column_container vc_col-sm-12\"><div class=\"vc_column-inner\"><div class=\"wpb_wrapper\">\n\t<div class=\"wpb_text_column wpb_content_element \" >\n\t\t<div class=\"wpb_wrapper\">\n\t\t\t<p>Um mit Kindern unter 3 Jahren reisen zu k\u00f6nnen, m\u00fcssen Sie die zugelassenen und an Ihre Gr\u00f6\u00dfe und Ihr Gewicht angepassten R\u00fcckhalteeinrichtungen verwenden.<br \/>\nDieses Ger\u00e4t muss vom f\u00fcr das Kind verantwortlichen Reisenden bereitgestellt werden. Die Babywagen m\u00fcssen ordnungsgem\u00e4\u00df im Gep\u00e4ckraum des Busses gefaltet sein.<\/p>\n\n\t\t<\/div>\n\t<\/div>\n<\/div><\/div><\/div><\/div>\n<\/section>            <\/div>\r\n        <\/div>\r\n                <div class=\"pafa-accordion pafa-icon\">\r\n            <h3 class=\"pafa-accordion-q\"><span style=\"background-color:#ef3737; border-radius: 0px; ?>;\"><i class=\"si-add-2\" style=\"color: #ffffff\"><\/i><\/span>Kann ich mit meinem Haustier reisen?<\/h3>\r\n            <div class=\"pafa-accordion-a\">\r\n                <section class=\"wpb-content-wrapper\"><div class=\"vc_row wpb_row vc_row-fluid\"><div class=\"wpb_column vc_column_container vc_col-sm-12\"><div class=\"vc_column-inner\"><div class=\"wpb_wrapper\">\n\t<div class=\"wpb_text_column wpb_content_element \" >\n\t\t<div class=\"wpb_wrapper\">\n\t\t\t<p>Ja, Sie k\u00f6nnen mit Ihrem Haustier reisen, wobei die geltenden gesetzlichen Bestimmungen zu ber\u00fccksichtigen sind:<\/p>\n<ul>\n<li>Es erlaubt nur den Transport von Blindenhunden im Bus mit den Passagieren.<\/li>\n<li>Sowohl Hunde als auch Katzen und andere Haustiere m\u00fcssen in den Gep\u00e4ckr\u00e4umen, in ihrem Gep\u00e4cktr\u00e4ger oder in speziellen K\u00f6rben mitgenommen werden, die den Reisenden zur Verf\u00fcgung stellen m\u00fcssen und f\u00fcr diese Verwendung vollst\u00e4ndig angepasst sein m\u00fcssen.<\/li>\n<li>Haustiere sind w\u00e4hrend der gesamten Reise in der Verantwortung der Besitzer.<\/li>\n<li>Sie m\u00fcssen dem Bus fr\u00fchzeitig vorgelegt werden, um ihr Haustier gem\u00e4\u00df den Anweisungen des Fahrers in die Gep\u00e4cktr\u00e4ger oder K\u00f6rbe zu legen.<\/li>\n<li>Auf diese Weise m\u00fcssen Haustiere in guten physischen, hygienischen und emotionalen Bedingungen sein, um reisen zu k\u00f6nnen.<\/li>\n<\/ul>\n\n\t\t<\/div>\n\t<\/div>\n<\/div><\/div><\/div><\/div>\n<\/section>            <\/div>\r\n        <\/div>\r\n                <div class=\"pafa-accordion pafa-icon\">\r\n            <h3 class=\"pafa-accordion-q\"><span style=\"background-color:#ef3737; border-radius: 0px; ?>;\"><i class=\"si-add-2\" style=\"color: #ffffff\"><\/i><\/span>Kann ich einen Transfer mit mehr als einer Haltestelle buchen?<\/h3>\r\n            <div class=\"pafa-accordion-a\">\r\n                <section class=\"wpb-content-wrapper\"><div class=\"vc_row wpb_row vc_row-fluid\"><div class=\"wpb_column vc_column_container vc_col-sm-12\"><div class=\"vc_column-inner\"><div class=\"wpb_wrapper\">\n\t<div class=\"wpb_text_column wpb_content_element \" >\n\t\t<div class=\"wpb_wrapper\">\n\t\t\t<p>Wenn Sie w\u00e4hrend der gebuchten Reise einen Zwischenstopp einlegen m\u00f6chten, sprechen Sie bitte mit unserem Fahrer, um die Wartezeit und den Zustand beurteilen zu k\u00f6nnen.<\/p>\n\n\t\t<\/div>\n\t<\/div>\n<\/div><\/div><\/div><\/div>\n<\/section>            <\/div>\r\n        <\/div>\r\n                <div class=\"pafa-accordion pafa-icon\">\r\n            <h3 class=\"pafa-accordion-q\"><span style=\"background-color:#ef3737; border-radius: 0px; ?>;\"><i class=\"si-add-2\" style=\"color: #ffffff\"><\/i><\/span>Kontakt mit unserem Fahrer am Abfahrtsort<\/h3>\r\n            <div class=\"pafa-accordion-a\">\r\n                <section class=\"wpb-content-wrapper\"><div class=\"vc_row wpb_row vc_row-fluid\"><div class=\"wpb_column vc_column_container vc_col-sm-12\"><div class=\"vc_column-inner\"><div class=\"wpb_wrapper\">\n\t<div class=\"wpb_text_column wpb_content_element \" >\n\t\t<div class=\"wpb_wrapper\">\n\t\t\t<p><img decoding=\"async\" class=\"alignnone size-medium wp-image-466\" src=\"https:\/\/welcomebus.es\/wp-content\/uploads\/2019\/01\/driver-canary-taxi-bus-300x202.jpg\" alt=\"\" width=\"300\" height=\"202\" \/><\/p>\n<p><strong>Ein Fahrer des Canary Taxi Bus erwartet Sie zum Zeitpunkt Ihrer Ankunft am Flughafen im Voraus.<\/strong><\/p>\n<p>Da die Reservierung best\u00e4tigt ist, wird unser Personal einen flie\u00dfenden Kontakt mit Ihnen aufnehmen, um alle Details Ihrer \u00dcberweisungen auf Gran Canaria und Teneriffa zu verwalten. Unser Ziel ist es, dass Sie Ihren Aufenthalt auf den Kanarischen Inseln in vollen Z\u00fcgen genie\u00dfen. Deshalb stellen wir Ihnen unsere jahrelange Erfahrung im Bereich des Transfers mit unserer Fahrzeugflotte zur Verf\u00fcgung. Taxi, Minivan, Minibus und Bus.<\/p>\n<div id=\"simple-translate\">\n<div>\n<div class=\"simple-translate-button \" style=\"background-image: url('moz-extension:\/\/c487069d-b2af-477f-8f9f-87470e719a52\/icons\/512.png'); height: 22px; width: 22px; top: 10px; left: 10px;\"><\/div>\n<div class=\"simple-translate-panel \" style=\"width: 300px; height: 200px; top: 0px; left: 0px; font-size: 13px; background-color: #ffffff;\">\n<div class=\"simple-translate-result-wrapper\" style=\"overflow: hidden;\">\n<p class=\"simple-translate-candidate\" style=\"color: #737373;\">\n<\/div>\n<\/div>\n<\/div>\n<\/div>\n\n\t\t<\/div>\n\t<\/div>\n<\/div><\/div><\/div><\/div>\n<\/section>            <\/div>\r\n        <\/div>\r\n                <div class=\"pafa-accordion pafa-icon\">\r\n            <h3 class=\"pafa-accordion-q\"><span style=\"background-color:#ef3737; border-radius: 0px; ?>;\"><i class=\"si-add-2\" style=\"color: #ffffff\"><\/i><\/span>Abholung am Flughafen Teneriffa Nord<\/h3>\r\n            <div class=\"pafa-accordion-a\">\r\n                <p><a href=\"https:\/\/canarytaxibus.com\/wp-content\/uploads\/2016\/04\/Recogida-TFN-ESP.jpg\" rel=\"Tenerife-North-Airport\"><img decoding=\"async\" class=\"alignnone size-full wp-image-1335\" src=\"https:\/\/canarytaxibus.com\/wp-content\/uploads\/2016\/04\/Recogida-TFN-ESP.jpg\" alt=\"Tenerife-North-Airport-TFN-ESP\" width=\"1800\" height=\"930\" \/><\/a><\/p>\n            <\/div>\r\n        <\/div>\r\n                <div class=\"pafa-accordion pafa-icon\">\r\n            <h3 class=\"pafa-accordion-q\"><span style=\"background-color:#ef3737; border-radius: 0px; ?>;\"><i class=\"si-add-2\" style=\"color: #ffffff\"><\/i><\/span>Abholplatz am Flughafen Teneriffa Sud<\/h3>\r\n            <div class=\"pafa-accordion-a\">\r\n                <p><a href=\"https:\/\/canarytaxibus.com\/wp-content\/uploads\/2016\/04\/Recogida-TFS-ESP.jpg\" rel=\"Tenerife-South-Airport-TFS-ESP\"><img decoding=\"async\" class=\"alignnone size-full wp-image-1329\" src=\"https:\/\/canarytaxibus.com\/wp-content\/uploads\/2016\/04\/Recogida-TFS-ESP.jpg\" alt=\"Tenerife-South-Airport-TFS-ESP\" width=\"1800\" height=\"930\" \/><\/a><\/p>\n            <\/div>\r\n        <\/div>\r\n                <div class=\"pafa-accordion pafa-icon\">\r\n            <h3 class=\"pafa-accordion-q\"><span style=\"background-color:#ef3737; border-radius: 0px; ?>;\"><i class=\"si-add-2\" style=\"color: #ffffff\"><\/i><\/span>Abholort am Flughafen Gran Canaria<\/h3>\r\n            <div class=\"pafa-accordion-a\">\r\n                <p><a href=\"https:\/\/canarytaxibus.com\/wp-content\/uploads\/2015\/06\/Recogida-LPA-ESP.jpg\" rel=\"Gran-Canaria-Airport-LPA-ESP\"><img decoding=\"async\" class=\"alignnone size-full wp-image-1317\" src=\"https:\/\/canarytaxibus.com\/wp-content\/uploads\/2015\/06\/Recogida-LPA-ESP.jpg\" alt=\"Gran-Canaria-Airport-LPA-ESP\" width=\"1800\" height=\"930\" \/><\/a><\/p>\n            <\/div>\r\n        <\/div>\r\n        <\/div>\r\n\n\n\t\t<\/div>\n\t<\/div>\n<\/div><\/div><\/div><\/div>\n<\/section>","protected":false},"excerpt":{"rendered":"","protected":false},"author":2,"featured_media":0,"parent":0,"menu_order":0,"comment_status":"closed","ping_status":"closed","template":"","meta":{"footnotes":""},"class_list":["post-344","page","type-page","status-publish","hentry"],"yoast_head":"<!-- This site is optimized with the Yoast SEO Premium plugin v27.2 (Yoast SEO v27.2) - https:\/\/yoast.com\/product\/yoast-seo-premium-wordpress\/ -->\n<title>FAQs - Welcome Bus<\/title>\n<meta name=\"robots\" content=\"index, follow, max-snippet:-1, max-image-preview:large, max-video-preview:-1\" \/>\n<link rel=\"canonical\" href=\"https:\/\/welcomebus.es\/de\/faqs\/\" \/>\n<meta property=\"og:locale\" content=\"de_DE\" \/>\n<meta property=\"og:type\" content=\"article\" \/>\n<meta property=\"og:title\" content=\"FAQs\" \/>\n<meta property=\"og:url\" content=\"https:\/\/welcomebus.es\/de\/faqs\/\" \/>\n<meta property=\"og:site_name\" content=\"Welcome Bus\" \/>\n<meta property=\"article:publisher\" content=\"https:\/\/www.facebook.com\/profile.php?id=100063951604350\" \/>\n<meta property=\"article:modified_time\" content=\"2019-01-16T20:48:30+00:00\" \/>\n<meta property=\"og:image\" content=\"https:\/\/welcomebus.es\/wp-content\/uploads\/2023\/05\/logo_welcomebus-512.png\" \/>\n\t<meta property=\"og:image:width\" content=\"512\" \/>\n\t<meta property=\"og:image:height\" content=\"512\" \/>\n\t<meta property=\"og:image:type\" content=\"image\/png\" \/>\n<meta name=\"twitter:card\" content=\"summary_large_image\" \/>\n<script type=\"application\/ld+json\" class=\"yoast-schema-graph\">{\"@context\":\"https:\/\/schema.org\",\"@graph\":[{\"@type\":\"WebPage\",\"@id\":\"https:\/\/welcomebus.es\/de\/faqs\/\",\"url\":\"https:\/\/welcomebus.es\/de\/faqs\/\",\"name\":\"FAQs - Welcome Bus\",\"isPartOf\":{\"@id\":\"https:\/\/welcomebus.es\/#website\"},\"datePublished\":\"2018-11-27T11:51:20+00:00\",\"dateModified\":\"2019-01-16T20:48:30+00:00\",\"breadcrumb\":{\"@id\":\"https:\/\/welcomebus.es\/de\/faqs\/#breadcrumb\"},\"inLanguage\":\"de\",\"potentialAction\":[{\"@type\":\"ReadAction\",\"target\":[\"https:\/\/welcomebus.es\/de\/faqs\/\"]}]},{\"@type\":\"BreadcrumbList\",\"@id\":\"https:\/\/welcomebus.es\/de\/faqs\/#breadcrumb\",\"itemListElement\":[{\"@type\":\"ListItem\",\"position\":1,\"name\":\"Home\",\"item\":\"https:\/\/welcomebus.es\/de\/\"},{\"@type\":\"ListItem\",\"position\":2,\"name\":\"FAQs\"}]},{\"@type\":\"WebSite\",\"@id\":\"https:\/\/welcomebus.es\/#website\",\"url\":\"https:\/\/welcomebus.es\/\",\"name\":\"Welcome Bus\",\"description\":\"Buchung Gran Canaria und Teneriffa\",\"publisher\":{\"@id\":\"https:\/\/welcomebus.es\/#organization\"},\"alternateName\":\"Welcomebus\",\"potentialAction\":[{\"@type\":\"SearchAction\",\"target\":{\"@type\":\"EntryPoint\",\"urlTemplate\":\"https:\/\/welcomebus.es\/?s={search_term_string}\"},\"query-input\":{\"@type\":\"PropertyValueSpecification\",\"valueRequired\":true,\"valueName\":\"search_term_string\"}}],\"inLanguage\":\"de\"},{\"@type\":\"Organization\",\"@id\":\"https:\/\/welcomebus.es\/#organization\",\"name\":\"Welcome Bus Canarias\",\"alternateName\":\"Welcome Bus Canarias 2017 SL.\",\"url\":\"https:\/\/welcomebus.es\/\",\"logo\":{\"@type\":\"ImageObject\",\"inLanguage\":\"de\",\"@id\":\"https:\/\/welcomebus.es\/#\/schema\/logo\/image\/\",\"url\":\"https:\/\/welcomebus.es\/wp-content\/uploads\/2023\/05\/logo_welcomebus-512.png\",\"contentUrl\":\"https:\/\/welcomebus.es\/wp-content\/uploads\/2023\/05\/logo_welcomebus-512.png\",\"width\":512,\"height\":512,\"caption\":\"Welcome Bus Canarias\"},\"image\":{\"@id\":\"https:\/\/welcomebus.es\/#\/schema\/logo\/image\/\"},\"sameAs\":[\"https:\/\/www.facebook.com\/profile.php?id=100063951604350\"]}]}<\/script>\n<!-- \/ Yoast SEO Premium plugin. -->","yoast_head_json":{"title":"FAQs - Welcome Bus","robots":{"index":"index","follow":"follow","max-snippet":"max-snippet:-1","max-image-preview":"max-image-preview:large","max-video-preview":"max-video-preview:-1"},"canonical":"https:\/\/welcomebus.es\/de\/faqs\/","og_locale":"de_DE","og_type":"article","og_title":"FAQs","og_url":"https:\/\/welcomebus.es\/de\/faqs\/","og_site_name":"Welcome Bus","article_publisher":"https:\/\/www.facebook.com\/profile.php?id=100063951604350","article_modified_time":"2019-01-16T20:48:30+00:00","og_image":[{"width":512,"height":512,"url":"https:\/\/welcomebus.es\/wp-content\/uploads\/2023\/05\/logo_welcomebus-512.png","type":"image\/png"}],"twitter_card":"summary_large_image","schema":{"@context":"https:\/\/schema.org","@graph":[{"@type":"WebPage","@id":"https:\/\/welcomebus.es\/de\/faqs\/","url":"https:\/\/welcomebus.es\/de\/faqs\/","name":"FAQs - Welcome Bus","isPartOf":{"@id":"https:\/\/welcomebus.es\/#website"},"datePublished":"2018-11-27T11:51:20+00:00","dateModified":"2019-01-16T20:48:30+00:00","breadcrumb":{"@id":"https:\/\/welcomebus.es\/de\/faqs\/#breadcrumb"},"inLanguage":"de","potentialAction":[{"@type":"ReadAction","target":["https:\/\/welcomebus.es\/de\/faqs\/"]}]},{"@type":"BreadcrumbList","@id":"https:\/\/welcomebus.es\/de\/faqs\/#breadcrumb","itemListElement":[{"@type":"ListItem","position":1,"name":"Home","item":"https:\/\/welcomebus.es\/de\/"},{"@type":"ListItem","position":2,"name":"FAQs"}]},{"@type":"WebSite","@id":"https:\/\/welcomebus.es\/#website","url":"https:\/\/welcomebus.es\/","name":"Welcome Bus","description":"Buchung Gran Canaria und Teneriffa","publisher":{"@id":"https:\/\/welcomebus.es\/#organization"},"alternateName":"Welcomebus","potentialAction":[{"@type":"SearchAction","target":{"@type":"EntryPoint","urlTemplate":"https:\/\/welcomebus.es\/?s={search_term_string}"},"query-input":{"@type":"PropertyValueSpecification","valueRequired":true,"valueName":"search_term_string"}}],"inLanguage":"de"},{"@type":"Organization","@id":"https:\/\/welcomebus.es\/#organization","name":"Welcome Bus Canarias","alternateName":"Welcome Bus Canarias 2017 SL.","url":"https:\/\/welcomebus.es\/","logo":{"@type":"ImageObject","inLanguage":"de","@id":"https:\/\/welcomebus.es\/#\/schema\/logo\/image\/","url":"https:\/\/welcomebus.es\/wp-content\/uploads\/2023\/05\/logo_welcomebus-512.png","contentUrl":"https:\/\/welcomebus.es\/wp-content\/uploads\/2023\/05\/logo_welcomebus-512.png","width":512,"height":512,"caption":"Welcome Bus Canarias"},"image":{"@id":"https:\/\/welcomebus.es\/#\/schema\/logo\/image\/"},"sameAs":["https:\/\/www.facebook.com\/profile.php?id=100063951604350"]}]}},"_links":{"self":[{"href":"https:\/\/welcomebus.es\/de\/wp-json\/wp\/v2\/pages\/344","targetHints":{"allow":["GET"]}}],"collection":[{"href":"https:\/\/welcomebus.es\/de\/wp-json\/wp\/v2\/pages"}],"about":[{"href":"https:\/\/welcomebus.es\/de\/wp-json\/wp\/v2\/types\/page"}],"author":[{"embeddable":true,"href":"https:\/\/welcomebus.es\/de\/wp-json\/wp\/v2\/users\/2"}],"replies":[{"embeddable":true,"href":"https:\/\/welcomebus.es\/de\/wp-json\/wp\/v2\/comments?post=344"}],"version-history":[{"count":0,"href":"https:\/\/welcomebus.es\/de\/wp-json\/wp\/v2\/pages\/344\/revisions"}],"wp:attachment":[{"href":"https:\/\/welcomebus.es\/de\/wp-json\/wp\/v2\/media?parent=344"}],"curies":[{"name":"wp","href":"https:\/\/api.w.org\/{rel}","templated":true}]}}