{"id":870,"date":"2022-06-09T05:29:53","date_gmt":"2022-06-09T05:29:53","guid":{"rendered":"https:\/\/welcomebus.es\/portal-de-transparencia\/"},"modified":"2024-09-19T12:30:09","modified_gmt":"2024-09-19T12:30:09","slug":"transparenzportal","status":"publish","type":"page","link":"https:\/\/welcomebus.es\/de\/transparenzportal\/","title":{"rendered":"Transparenzportal"},"content":{"rendered":"<p><strong>Actualizado: 19\/09\/2024<\/strong><\/p>\n<ol>\n<li><strong>INFORMACION INSTITUCIONAL<\/strong><\/li>\n<\/ol>\n<p>La entidad fue fundada el 10 de abril de 2017.<\/p>\n<p>Inscripci\u00f3n en el Registro Mercantil de Las Palmas: Tomo 2166, Libro 0, Folio 63, Secci\u00f3n 8, Hoja GC 52677, Inscripci\u00f3n 1\u00aa.<\/p>\n<p>Su domicilio social es Ctra. Bajada de Las Guayarminas 24, 1A.<\/p>\n<ol start=\"2\">\n<li><strong>NORMATIVA<\/strong><\/li>\n<\/ol>\n<p><strong>Auton\u00f3mica<\/strong><br \/>\n<a title=\"Ley de Transparencia de Canarias\" href=\"https:\/\/www.gobiernodecanarias.org\/libroazul\/pdf\/71248.pdf\">Ley de Transparencia de Canarias: Ley 12\/2014, de 26 de diciembre, de transparencia y de acceso a la informaci\u00f3n p\u00fablica (BOC 5, de 9.1.2015).\u00a0<\/a><\/p>\n<p><strong>Estatal<\/strong><br \/>\n<a href=\"https:\/\/www.boe.es\/buscar\/act.php?id=BOE-A-2013-12887\">Ley de Transparencia (b\u00e1sica estatal): Ley 19\/2013, de 9 de diciembre, de transparencia, acceso a la informaci\u00f3n p\u00fablica y buen gobierno.\u00a0<\/a><\/p>\n<p><strong>Ley de Sociedades<\/strong><\/p>\n<p><a href=\"https:\/\/www.boe.es\/buscar\/pdf\/2010\/BOE-A-2010-10544-consolidado.pdf\">Real Decreto Legislativo 1\/2010, de 2 de julio, por el que se apruebas el texto refundido de la Ley de Sociedades de Capital.<\/a><\/p>\n<p><strong>Ley de Protecci\u00f3n de Datos<\/strong><\/p>\n<p><a href=\"https:\/\/www.boe.es\/doue\/2016\/119\/L00001-00088.pdf\">Reglamento (UE) 2016\/679 de 27 de abril de 2016 (GDPR)<\/a><\/p>\n<p><strong id=\"etica\">Estatutos<\/strong><\/p>\n<p><a href=\"https:\/\/welcomebus.es\/pdf\/ESCRITURAWELCOMEBUSCANARIAS2017SL.pdf\">Escritura de la sociedad o empresa.<\/a><\/p>\n<ol start=\"3\">\n<li><strong>POL\u00cdTICA DE CALIDAD Y C\u00d3DIGOS \u00c9TICOS.<\/strong><\/li>\n<\/ol>\n<p>Nuestro compromiso es promover el sector de los transporte de pasajeros de forma privada en un contexto exigente y en permanente cambio, que se acredita y actualiza con el sistema de calidad relativo al funcionamiento interno de nuestra entidad, cumplimiento de las actividades, financiaci\u00f3n, control y gesti\u00f3n de recursos.<\/p>\n<p>Las pol\u00edticas de calidad en el \u201cbuen gobierno\u201d se acompa\u00f1an con los compromisos \u00e9ticos asumidos de manera corresponsable por todas las personas que participan y colaboran a trav\u00e9s de la entidad.<\/p>\n<p><strong>Nuestra Pol\u00edtica de Calidad asume:<\/strong><\/p>\n<ul>\n<li>Orientaci\u00f3n hacia la innovaci\u00f3n permanente dentro del sector del transporte de pasajeros.<\/li>\n<li>Contribuci\u00f3n eficiente al futuro formativo y profesional y a la inserci\u00f3n laboral.<\/li>\n<li>Contribuci\u00f3n al desarrollo de una sociedad m\u00e1s culta y m\u00e1s humana.<\/li>\n<li>Responsabilidad y calidad sobre los proyectos de la entidad, cumpliendo en todo momento con los objetivos de calidad y plazos de desarrollo.<\/li>\n<li>Puesta en marcha de sistemas de cooperaci\u00f3n con otras empresas del sector.<\/li>\n<li>Cumplimiento de los compromisos adquiridos con nuestros clientes, p\u00fablico y usuarios de forma satisfactoria.<\/li>\n<li>Atenci\u00f3n y adaptaci\u00f3n permanente a las necesidades del sector.<\/li>\n<li>Eficacia del sistema de gesti\u00f3n de la calidad en el que prevenir los errores sea un aspecto fundamental.<\/li>\n<li>Mejora continua de los procesos productivos y de prestaci\u00f3n del servicio fundamentados en la eficiencia.<\/li>\n<li>Formaci\u00f3n, apoyo y desarrollo de los proveedores de servicios, becarios y voluntarios que colaboran.<\/li>\n<\/ul>\n<p><strong>MISI\u00d3N:<\/strong><\/p>\n<p>Creemos que los negocios pueden crecer con conciencia, alcanzar el \u00e9xito con \u00e9tica y convertirnos en imprescindibles para nuestros clientes al ofrecerles servicios diferenciados que les ayuden a alcanzar sus necesidades.<\/p>\n<p><strong>VISI\u00d3N:<\/strong><\/p>\n<p>Ofrecer tarifas competitivas a los clientes en todos y una atenci\u00f3n de alta calidad, as\u00ed como reducir el impacto ambiental de nuestra compa\u00f1\u00eda.<\/p>\n<p><strong>VALORES:<\/strong><\/p>\n<ul>\n<li><strong>Respeto.\u00a0<\/strong>Capacidad de actuar con consideraci\u00f3n ante las necesidades espec\u00edficas de todas las personas que interact\u00faan en la organizaci\u00f3n.<\/li>\n<li><strong>Honestidad.\u00a0<\/strong>Capacidad de actuar de acuerdo a la misi\u00f3n, visi\u00f3n y valores de la entidad, bas\u00e1ndose en las necesidades reales y dando una respuesta en funci\u00f3n de las mismas.<\/li>\n<li><strong>Transparencia. <\/strong>Capacidad de transmitir, comunicar todas las acciones, con el objeto de generar un ambiente de confianza y seguridad, de tal forma que los integrantes de la entidad, est\u00e9n informados y conozcan sus responsabilidades y derechos.<\/li>\n<li><strong>Innovaci\u00f3n<\/strong>. Dise\u00f1ar y desarrollar acciones diferentes para fomentar la mejora continua de todos los programas, recursos y servicios.<\/li>\n<li><strong>Diversidad.\u00a0<\/strong>Defender y promocionar la diversidad en todas sus formas para que seamos capaces de construir sociedades justas, sostenibles y responsables.<\/li>\n<li><strong>Convivencia.\u00a0<\/strong>\u00a0Mejorar la convivencia social, el entendimiento y la relaci\u00f3n entre culturas.<\/li>\n<li><strong>Igualdad<\/strong>. Trabajar bajo el compromiso de igualdad y visibilidad de la mujer en el sector.<\/li>\n<li><strong>Sostenibilidad.\u00a0<\/strong>Trabajar en soluciones transformadoras para acelerar la transici\u00f3n hacia una econom\u00eda sostenible, inclusiva y pr\u00f3spera en beneficio de las personas y el planeta, enfocando hacia el impacto ambiental, social y econ\u00f3mico nuestras decisiones comerciales.<\/li>\n<li><strong>Excelencia.\u00a0<\/strong>Nuestros beneficiarios son lo m\u00e1s importante para nuestra organizaci\u00f3n, por esto procuramos que tanto nuestros recursos, productos y servicios, como la manera en que los ofrecemos, superen sus expectativas.<\/li>\n<\/ul>\n<ol start=\"4\">\n<li><strong>INFORMACION ORGANIZATIVA<\/strong><\/li>\n<\/ol>\n<p><strong>Equipo Directivo: <\/strong>Jos\u00e9 Antonio Guzm\u00e1n<\/p>\n<p><a href=\"https:\/\/welcomebus.es\/pdf\/organigrama-welcomebus.pdf\">Organigrama de la entidad.<\/a><\/p>\n<ol start=\"5\">\n<li><strong>INFORMACI\u00d3N ECON\u00d3MICO \u2013 FINANCIERA<\/strong><\/li>\n<\/ol>\n<p><strong>Cuentas Anuales<\/strong><\/p>\n<p>La entidad cumple con su obligaci\u00f3n legal de depositar sus cuentas anuales en el\u00a0<a href=\"https:\/\/www.e-registros.es\/registro-mercantil-de-tenerife\/\">Registro Mercantil<\/a>.<\/p>\n<ul>\n<li><a href=\"https:\/\/welcomebus.es\/ejercicio-2020-perdidas-y-ganancias\/\">Ejercicio 2020 (Perdidas y ganancias).<\/a><\/li>\n<\/ul>\n<ul>\n<li><a href=\"https:\/\/welcomebus.es\/memoria-2020\/\">Ejercicio 2020 (Memoria).<\/a><\/li>\n<\/ul>\n<ul>\n<li><a href=\"https:\/\/welcomebus.es\/balance-2020\/\">Ejercicio 2020 (Balance y situaci\u00f3n).<\/a><\/li>\n<li><a href=\"https:\/\/welcomebus.es\/pdf\/Cuentas-Anuales-2021.pdf\">Ejercicio 2021 (Cuentas anuales).<\/a><\/li>\n<\/ul>\n<ol start=\"6\">\n<li><strong>CONTRATOS<\/strong><\/li>\n<\/ol>\n<p>No hemos realizado contratos con la AAPP en 2021.<\/p>\n<ol start=\"7\">\n<li><strong>CONVENIOS<\/strong><\/li>\n<\/ol>\n<p>No hemos realizado convenios con la AAPP en 2021.<\/p>\n<ol start=\"8\">\n<li><strong>AYUDAS Y SUBVENCIONES<\/strong><\/li>\n<\/ol>\n<p>A continuaci\u00f3n, se detalla la lista de ayudas y subvenciones recibidas a trav\u00e9s de administraciones y organismos p\u00fablicos para el ejercicio indicado.<\/p>\n<ul>\n<li><a href=\"https:\/\/welcomebus.es\/pdf\/subvenciones-welcome.pdf\">Ejercicio 2021<\/a><\/li>\n<li><a href=\"https:\/\/welcomebus.es\/pdf\/Subvencion-2023-2024.pdf\">Ejercicio 2023<\/a><\/li>\n<li><a href=\"https:\/\/welcomebus.es\/pdf\/Subvencion-2023-2024.pdf\">Ejercicio 2024<\/a><\/li>\n<\/ul>\n<p><strong><span style=\"font-size: 12pt;\">9. INFORMES DE AUDITOR\u00cdA DE CUENTAS Y DE FISCALIZACI\u00d3N<br \/>\n<\/span><\/strong><\/p>\n<p>El Real Decreto Legislativo 1\/2010, de 2 de julio, por el que se aprueba el texto refundido de la Ley de Sociedades de Capital, en su articulo 263 dispone lo siguiente:<\/p>\n<h5><strong>Art\u00edculo 263. Auditor de cuentas.<\/strong><\/h5>\n<ol>\n<li>Las cuentas anuales y, en su caso, el informe de gesti\u00f3n deber\u00e1n ser revisados por auditor de cuentas.<\/li>\n<li>Se except\u00faa de esta obligaci\u00f3n a las sociedades que durante dos ejercicios consecutivos re\u00fanan, a la fecha de cierre de cada uno de ellos, al menos dos de las circunstancias siguientes:<\/li>\n<li>a) Que el total de las partidas del activo no supere los dos millones ochocientos cincuenta mil euros.<\/li>\n<li>b) Que el importe neto de su cifra anual de negocios no supere los cinco millones setecientos mil euros.<\/li>\n<li>c) Que el n\u00famero medio de trabajadores empleados durante el ejercicio no sea superior a cincuenta.<\/li>\n<\/ol>\n<p>Las sociedades perder\u00e1n esta facultad si dejan de reunir, durante dos ejercicios consecutivos, dos de las circunstancias a que se refiere el p\u00e1rrafo anterior.<\/p>\n<ol start=\"3\">\n<li>En el primer ejercicio social desde su constituci\u00f3n, transformaci\u00f3n o fusi\u00f3n, las sociedades quedan exceptuadas de la obligaci\u00f3n de auditarse si re\u00fanen, al cierre de dicho ejercicio, al menos dos de las tres circunstancias expresadas en el apartado anterior.<\/li>\n<\/ol>\n<p>&nbsp;<\/p>\n<p>La entidad no est\u00e1 obligada a presentar informe de auditor\u00eda del ejercicio 2021 al no cumplir ninguna de las condiciones requeridas.<\/p>\n","protected":false},"excerpt":{"rendered":"<p>Actualizado: 19\/09\/2024 INFORMACION INSTITUCIONAL La entidad fue fundada el 10 de abril de 2017. Inscripci\u00f3n en el Registro Mercantil de Las Palmas: Tomo 2166, Libro 0,<span class=\"excerpt-hellip\"> [\u2026]<\/span><\/p>\n","protected":false},"author":2,"featured_media":0,"parent":0,"menu_order":0,"comment_status":"closed","ping_status":"closed","template":"","meta":{"footnotes":""},"class_list":["post-870","page","type-page","status-publish","hentry"],"yoast_head":"<!-- This site is optimized with the Yoast SEO Premium plugin v27.2 (Yoast SEO v27.2) - https:\/\/yoast.com\/product\/yoast-seo-premium-wordpress\/ -->\n<title>Transparenzportal - Welcome Bus<\/title>\n<meta name=\"robots\" content=\"index, follow, max-snippet:-1, max-image-preview:large, max-video-preview:-1\" \/>\n<link rel=\"canonical\" href=\"https:\/\/welcomebus.es\/de\/transparenzportal\/\" \/>\n<meta property=\"og:locale\" content=\"de_DE\" \/>\n<meta property=\"og:type\" content=\"article\" \/>\n<meta property=\"og:title\" content=\"Transparenzportal\" \/>\n<meta property=\"og:description\" content=\"Actualizado: 19\/09\/2024 INFORMACION INSTITUCIONAL La entidad fue fundada el 10 de abril de 2017. Inscripci\u00f3n en el Registro Mercantil de Las Palmas: Tomo 2166, Libro 0, [\u2026]\" \/>\n<meta property=\"og:url\" content=\"https:\/\/welcomebus.es\/de\/transparenzportal\/\" \/>\n<meta property=\"og:site_name\" content=\"Welcome Bus\" \/>\n<meta property=\"article:publisher\" content=\"https:\/\/www.facebook.com\/profile.php?id=100063951604350\" \/>\n<meta property=\"article:modified_time\" content=\"2024-09-19T12:30:09+00:00\" \/>\n<meta property=\"og:image\" content=\"https:\/\/welcomebus.es\/wp-content\/uploads\/2023\/05\/logo_welcomebus-512.png\" \/>\n\t<meta property=\"og:image:width\" content=\"512\" \/>\n\t<meta property=\"og:image:height\" content=\"512\" \/>\n\t<meta property=\"og:image:type\" content=\"image\/png\" \/>\n<meta name=\"twitter:card\" content=\"summary_large_image\" \/>\n<meta name=\"twitter:label1\" content=\"Gesch\u00e4tzte Lesezeit\" \/>\n\t<meta name=\"twitter:data1\" content=\"5\u00a0Minuten\" \/>\n<script type=\"application\/ld+json\" class=\"yoast-schema-graph\">{\"@context\":\"https:\/\/schema.org\",\"@graph\":[{\"@type\":\"WebPage\",\"@id\":\"https:\/\/welcomebus.es\/de\/transparenzportal\/\",\"url\":\"https:\/\/welcomebus.es\/de\/transparenzportal\/\",\"name\":\"Transparenzportal - Welcome Bus\",\"isPartOf\":{\"@id\":\"https:\/\/welcomebus.es\/#website\"},\"datePublished\":\"2022-06-09T05:29:53+00:00\",\"dateModified\":\"2024-09-19T12:30:09+00:00\",\"breadcrumb\":{\"@id\":\"https:\/\/welcomebus.es\/de\/transparenzportal\/#breadcrumb\"},\"inLanguage\":\"de\",\"potentialAction\":[{\"@type\":\"ReadAction\",\"target\":[\"https:\/\/welcomebus.es\/de\/transparenzportal\/\"]}]},{\"@type\":\"BreadcrumbList\",\"@id\":\"https:\/\/welcomebus.es\/de\/transparenzportal\/#breadcrumb\",\"itemListElement\":[{\"@type\":\"ListItem\",\"position\":1,\"name\":\"Home\",\"item\":\"https:\/\/welcomebus.es\/de\/\"},{\"@type\":\"ListItem\",\"position\":2,\"name\":\"Transparenzportal\"}]},{\"@type\":\"WebSite\",\"@id\":\"https:\/\/welcomebus.es\/#website\",\"url\":\"https:\/\/welcomebus.es\/\",\"name\":\"Welcome Bus\",\"description\":\"Buchung Gran Canaria und Teneriffa\",\"publisher\":{\"@id\":\"https:\/\/welcomebus.es\/#organization\"},\"alternateName\":\"Welcomebus\",\"potentialAction\":[{\"@type\":\"SearchAction\",\"target\":{\"@type\":\"EntryPoint\",\"urlTemplate\":\"https:\/\/welcomebus.es\/?s={search_term_string}\"},\"query-input\":{\"@type\":\"PropertyValueSpecification\",\"valueRequired\":true,\"valueName\":\"search_term_string\"}}],\"inLanguage\":\"de\"},{\"@type\":\"Organization\",\"@id\":\"https:\/\/welcomebus.es\/#organization\",\"name\":\"Welcome Bus Canarias\",\"alternateName\":\"Welcome Bus Canarias 2017 SL.\",\"url\":\"https:\/\/welcomebus.es\/\",\"logo\":{\"@type\":\"ImageObject\",\"inLanguage\":\"de\",\"@id\":\"https:\/\/welcomebus.es\/#\/schema\/logo\/image\/\",\"url\":\"https:\/\/welcomebus.es\/wp-content\/uploads\/2023\/05\/logo_welcomebus-512.png\",\"contentUrl\":\"https:\/\/welcomebus.es\/wp-content\/uploads\/2023\/05\/logo_welcomebus-512.png\",\"width\":512,\"height\":512,\"caption\":\"Welcome Bus Canarias\"},\"image\":{\"@id\":\"https:\/\/welcomebus.es\/#\/schema\/logo\/image\/\"},\"sameAs\":[\"https:\/\/www.facebook.com\/profile.php?id=100063951604350\"]}]}<\/script>\n<!-- \/ Yoast SEO Premium plugin. -->","yoast_head_json":{"title":"Transparenzportal - Welcome Bus","robots":{"index":"index","follow":"follow","max-snippet":"max-snippet:-1","max-image-preview":"max-image-preview:large","max-video-preview":"max-video-preview:-1"},"canonical":"https:\/\/welcomebus.es\/de\/transparenzportal\/","og_locale":"de_DE","og_type":"article","og_title":"Transparenzportal","og_description":"Actualizado: 19\/09\/2024 INFORMACION INSTITUCIONAL La entidad fue fundada el 10 de abril de 2017. Inscripci\u00f3n en el Registro Mercantil de Las Palmas: Tomo 2166, Libro 0, [\u2026]","og_url":"https:\/\/welcomebus.es\/de\/transparenzportal\/","og_site_name":"Welcome Bus","article_publisher":"https:\/\/www.facebook.com\/profile.php?id=100063951604350","article_modified_time":"2024-09-19T12:30:09+00:00","og_image":[{"width":512,"height":512,"url":"https:\/\/welcomebus.es\/wp-content\/uploads\/2023\/05\/logo_welcomebus-512.png","type":"image\/png"}],"twitter_card":"summary_large_image","twitter_misc":{"Gesch\u00e4tzte Lesezeit":"5\u00a0Minuten"},"schema":{"@context":"https:\/\/schema.org","@graph":[{"@type":"WebPage","@id":"https:\/\/welcomebus.es\/de\/transparenzportal\/","url":"https:\/\/welcomebus.es\/de\/transparenzportal\/","name":"Transparenzportal - Welcome Bus","isPartOf":{"@id":"https:\/\/welcomebus.es\/#website"},"datePublished":"2022-06-09T05:29:53+00:00","dateModified":"2024-09-19T12:30:09+00:00","breadcrumb":{"@id":"https:\/\/welcomebus.es\/de\/transparenzportal\/#breadcrumb"},"inLanguage":"de","potentialAction":[{"@type":"ReadAction","target":["https:\/\/welcomebus.es\/de\/transparenzportal\/"]}]},{"@type":"BreadcrumbList","@id":"https:\/\/welcomebus.es\/de\/transparenzportal\/#breadcrumb","itemListElement":[{"@type":"ListItem","position":1,"name":"Home","item":"https:\/\/welcomebus.es\/de\/"},{"@type":"ListItem","position":2,"name":"Transparenzportal"}]},{"@type":"WebSite","@id":"https:\/\/welcomebus.es\/#website","url":"https:\/\/welcomebus.es\/","name":"Welcome Bus","description":"Buchung Gran Canaria und Teneriffa","publisher":{"@id":"https:\/\/welcomebus.es\/#organization"},"alternateName":"Welcomebus","potentialAction":[{"@type":"SearchAction","target":{"@type":"EntryPoint","urlTemplate":"https:\/\/welcomebus.es\/?s={search_term_string}"},"query-input":{"@type":"PropertyValueSpecification","valueRequired":true,"valueName":"search_term_string"}}],"inLanguage":"de"},{"@type":"Organization","@id":"https:\/\/welcomebus.es\/#organization","name":"Welcome Bus Canarias","alternateName":"Welcome Bus Canarias 2017 SL.","url":"https:\/\/welcomebus.es\/","logo":{"@type":"ImageObject","inLanguage":"de","@id":"https:\/\/welcomebus.es\/#\/schema\/logo\/image\/","url":"https:\/\/welcomebus.es\/wp-content\/uploads\/2023\/05\/logo_welcomebus-512.png","contentUrl":"https:\/\/welcomebus.es\/wp-content\/uploads\/2023\/05\/logo_welcomebus-512.png","width":512,"height":512,"caption":"Welcome Bus Canarias"},"image":{"@id":"https:\/\/welcomebus.es\/#\/schema\/logo\/image\/"},"sameAs":["https:\/\/www.facebook.com\/profile.php?id=100063951604350"]}]}},"_links":{"self":[{"href":"https:\/\/welcomebus.es\/de\/wp-json\/wp\/v2\/pages\/870","targetHints":{"allow":["GET"]}}],"collection":[{"href":"https:\/\/welcomebus.es\/de\/wp-json\/wp\/v2\/pages"}],"about":[{"href":"https:\/\/welcomebus.es\/de\/wp-json\/wp\/v2\/types\/page"}],"author":[{"embeddable":true,"href":"https:\/\/welcomebus.es\/de\/wp-json\/wp\/v2\/users\/2"}],"replies":[{"embeddable":true,"href":"https:\/\/welcomebus.es\/de\/wp-json\/wp\/v2\/comments?post=870"}],"version-history":[{"count":12,"href":"https:\/\/welcomebus.es\/de\/wp-json\/wp\/v2\/pages\/870\/revisions"}],"predecessor-version":[{"id":1128,"href":"https:\/\/welcomebus.es\/de\/wp-json\/wp\/v2\/pages\/870\/revisions\/1128"}],"wp:attachment":[{"href":"https:\/\/welcomebus.es\/de\/wp-json\/wp\/v2\/media?parent=870"}],"curies":[{"name":"wp","href":"https:\/\/api.w.org\/{rel}","templated":true}]}}