{"id":967,"date":"2022-10-20T11:45:05","date_gmt":"2022-10-20T11:45:05","guid":{"rendered":"https:\/\/welcomebus.es\/accesibilidad\/"},"modified":"2023-05-13T12:55:46","modified_gmt":"2023-05-13T12:55:46","slug":"accesibilidad","status":"publish","type":"page","link":"https:\/\/welcomebus.es\/de\/accesibilidad\/","title":{"rendered":"Accesibilidad"},"content":{"rendered":"<section class=\"wpb-content-wrapper\"><div class=\"vc_row wpb_row vc_row-fluid\"><div class=\"wpb_column vc_column_container vc_col-sm-12\"><div class=\"vc_column-inner\"><div class=\"wpb_wrapper\">\n\t<div class=\"wpb_text_column wpb_content_element \" >\n\t\t<div class=\"wpb_wrapper\">\n\t\t\t<h1 class=\"mod-title ttl\">Accesibilidad<\/h1>\n<p>Esta web se ha comprometido a hacer accesible su sitio web de conformidad con el <strong><a title=\"Real Decreto 1112\/2018, de 7 de septiembre, sobre accesibilidad de los sitios web y aplicaciones para dispositivos m\u00f3viles del sector p\u00fablico. (Abre en nueva ventana)\" href=\"https:\/\/www.boe.es\/buscar\/doc.php?id=BOE-A-2018-12699\" target=\"_blank\" rel=\"noopener noreferrer\">Real Decreto 1112\/2018, de 7 de septiembre, sobre accesibilidad de los sitios web y aplicaciones para dispositivos m\u00f3viles del sector p\u00fablico.<img decoding=\"async\" class=\"ventana-nueva-next\" src=\"https:\/\/www.consejodetransparencia.es\/resources\/templating-kit\/themes\/transp\/img\/general\/icons\/ico_enlace_externo2.png\" alt=\"(Abre en nueva ventana)\" \/><\/a><\/strong><\/p>\n<p>La presente declaraci\u00f3n de accesibilidad se aplica al sitio web:\u00a0<a title=\"https:\/\/consejodetransparencia.es\/ (Abre en nueva ventana)\" href=\"https:\/\/welcomebus.es\/\" target=\"_blank\" rel=\"noopener noreferrer\">https:\/\/welcomebus.es\/<img decoding=\"async\" class=\"ventana-nueva-next\" src=\"https:\/\/www.consejodetransparencia.es\/resources\/templating-kit\/themes\/transp\/img\/general\/icons\/ico_enlace_externo2.png\" alt=\"(Abre en nueva ventana)\" \/><\/a><\/p>\n<h2 class=\"subtitle_int\">Situaci\u00f3n de cumplimiento<\/h2>\n<p>Este sitio web es parcialmente conforme con el RD 1112\/2018 debido a la falta de conformidad de los aspectos que se indican a continuaci\u00f3n:<\/p>\n<p><strong>Contenido no accesible<\/strong><\/p>\n<p>El contenido que se recoge a continuaci\u00f3n no es accesible por lo siguiente:<\/p>\n<ul>\n<li>Falta de conformidad con el RD 1112\/2018\n<ul>\n<li>Faltan sugerencias ante errores en la introducci\u00f3n de datos en campos de formularios [requisito n\u00famero 9.3.3.3 Sugerencias ante errores de UNE-EN 301549:2019]<\/li>\n<li>Existen campos de formularios que solicitan informaci\u00f3n acerca del usuario y no se est\u00e1 identificando el prop\u00f3sito de la entrada [requisito n\u00famero 9.1.3.5 Identificaci\u00f3n del prop\u00f3sito de la entrada de UNE-EN 301549:2019]<\/li>\n<li>Existen secciones en las que est\u00e1 deshabilitado el uso del zoom en el navegador [requisito n\u00famero 9.1.4.10 Reajuste del texto de UNE-EN 301549:2019]<\/li>\n<li>Algunos textos aparecen cortados al ajustar el alto de l\u00ednea [requisito n\u00famero 9.1.4.12 Espaciado de texto de UNE-EN 301549:2019]<\/li>\n<li>Existen enlaces cuyo contenido textual est\u00e1 vac\u00edo [requisito n\u00famero 9.2.4.4 Prop\u00f3sito de los enlaces de UNE-EN 301549:2019]<\/li>\n<li>Los elementos de navegaci\u00f3n de la agenda no permiten la cancelaci\u00f3n del puntero [requisito n\u00famero 9.2.5.2 Cancelaci\u00f3n del puntero de UNE-EN 301549:2019]<\/li>\n<li>Existen listas que no contienen elementos en su interior [requisito n\u00famero 9.1.3.1 Cancelaci\u00f3n del puntero de UNE-EN 301549:2019]<\/li>\n<li>Podr\u00edan existir fallos puntuales de edici\u00f3n en alguna p\u00e1gina web.<\/li>\n<\/ul>\n<\/li>\n<li>Carga desproporcionada\n<ul>\n<li>No aplica.<\/li>\n<\/ul>\n<\/li>\n<li>El contenido no entra dentro del \u00e1mbito de la legislaci\u00f3n aplicable\n<ul>\n<li>Podr\u00edan existir archivos ofim\u00e1ticos en PDF u otros formatos publicados antes del 20 de septiembre de 2018\u00a0que no cumplan en su totalidad todos los requisitos de accesibilidad. Aunque se ha procurado que la mayor\u00eda de ellos s\u00ed lo cumplan.<\/li>\n<\/ul>\n<\/li>\n<\/ul>\n<p><strong><span class=\"textonegrita\">Preparaci\u00f3n de la presente declaraci\u00f3n de accesibilidad<\/span><\/strong><\/p>\n<p>La presente declaraci\u00f3n fue preparada el 07\/06\/2022<strong>.<\/strong><\/p>\n<p>\u00daltima revisi\u00f3n de la declaraci\u00f3n: 07\/06\/2022.<\/p>\n<p><strong><span class=\"textonegrita\">Observaciones y datos de contacto<\/span><\/strong><\/p>\n<p>Puede realizar comunicaciones sobre requisitos de accesibilidad (art\u00edculo 10.2.a) del RD 1112\/2018) como por ejemplo:<\/p>\n<ul>\n<li>informar sobre cualquier posible incumplimiento por parte de este\u00a0sitio web.<\/li>\n<li>transmitir otras dificultades de acceso al contenido.<\/li>\n<li>formular cualquier otra consulta o sugerencia de mejora relativa a la accesibilidad del sitio web.<\/li>\n<\/ul>\n<p>A trav\u00e9s de la siguiente direcci\u00f3n:\u00a0<a title=\"web@consejodetransparencia.es\" href=\"mailto:web@consejodetransparencia.es?subject=Accesibilidad\">info@welcomebus.es<\/a> o llamando al tel\u00e9fono <strong>+34 690 738 678<\/strong><\/p>\n<p><strong>Contenido opcional<\/strong><\/p>\n<p>Este sitio web cumple con los requisitos de la Norma\u00a0<a title=\"UNE-EN 301549:2019 (Abre en nueva ventana)\" href=\"https:\/\/administracionelectronica.gob.es\/PAe\/accesibilidad\/une-en-301549-2019.pdf\" target=\"_blank\" rel=\"noopener noreferrer\">UNE-EN 301549:2019\u00a0<img decoding=\"async\" class=\"ventana-nueva-next\" src=\"https:\/\/www.consejodetransparencia.es\/resources\/templating-kit\/themes\/transp\/img\/general\/icons\/ico_enlace_externo2.png\" alt=\"(Abre en nueva ventana)\" \/><\/a>\u00a0considerando las excepciones del RD 1112\/2018.<\/p>\n<p><span class=\"textonegrita\">La \u00faltima revisi\u00f3n de la accesibilidad se ha realizado en septiembre de 2020.<\/span><\/p>\n<p>El sitio web est\u00e1 optimizado para los navegadores Microsoft Internet Explorer 8.0\u00a0o versiones superiores y las \u00faltimas versiones vigentes de FireFox, Safari, Opera y Google Chrome. La resoluci\u00f3n web m\u00ednima recomendada es de 1024&#215;768.<\/p>\n<p>El sitio web est\u00e1 dise\u00f1ado para su visualizaci\u00f3n Responsive, con lo que se visualiza de forma \u00f3ptima en los dispositivos tablet y m\u00f3viles. En estos dispositivos est\u00e1 optimizado para su visualizaci\u00f3n en las \u00faltimas versiones vigentes de Chrome for mobile, Firefox for mobile, Safari mobile, Opera Mini y navegador nativo de Android.<\/p>\n<div class=\"clr\"><\/div>\n<p>Se incorporan atajos de teclado para facilitar la navegaci\u00f3n a trav\u00e9s del portal:<\/p>\n<table>\n<thead>\n<tr>\n<th scope=\"col\">\n<p class=\"textojustificado\"><strong>Atajos de teclado<\/strong><\/p>\n<\/th>\n<th scope=\"col\">\n<p class=\"textojustificado\">Secciones de la web de Welcomebus<\/p>\n<\/th>\n<th scope=\"col\">\n<p class=\"textojustificado\">P\u00e1ginas y herramientas para una mejor accesibilidad por personas con alguna discapacidad<\/p>\n<\/th>\n<\/tr>\n<\/thead>\n<tbody>\n<tr>\n<td>Alt+9<\/td>\n<td>Accesibilidad<\/td>\n<td>Ventana emergente de Herramientas de accesibilidad<\/td>\n<\/tr>\n<tr>\n<td>\n<p class=\"textojustificado\">M<\/p>\n<\/td>\n<td>\n<p class=\"textojustificado\">Salta al contenido<\/p>\n<\/td>\n<td>\n<p class=\"textojustificado\">Resalta los men\u00fas de navegaci\u00f3n<\/p>\n<\/td>\n<\/tr>\n<tr>\n<td>\n<p class=\"textojustificado\">H<\/p>\n<\/td>\n<td>\n<p class=\"textojustificado\">Cabeceras de t\u00edtulos<\/p>\n<\/td>\n<td>\n<p class=\"textojustificado\">Resalta las cabeceras de los t\u00edtulos de contenido<\/p>\n<\/td>\n<\/tr>\n<tr>\n<td>\n<p class=\"textojustificado\">F<\/p>\n<\/td>\n<td>\n<p class=\"textojustificado\">Formularios<\/p>\n<\/td>\n<td>\n<p class=\"textojustificado\">Resalta los formularios<\/p>\n<\/td>\n<\/tr>\n<tr>\n<td>\n<p class=\"textojustificado\">B<\/p>\n<\/td>\n<td>\n<p class=\"textojustificado\">Botones<\/p>\n<\/td>\n<td>\n<p class=\"textojustificado\">Resalta botones de navegaci\u00f3n<\/p>\n<\/td>\n<\/tr>\n<tr>\n<td>\n<p class=\"textojustificado\">G<\/p>\n<\/td>\n<td>\n<p class=\"textojustificado\">Gr\u00e1ficos<\/p>\n<\/td>\n<td>\n<p class=\"textojustificado\">Resalta los gr\u00e1ficos<\/p>\n<\/td>\n<\/tr>\n<tr>\n<td>\n<p class=\"textojustificado\">Inicio<\/p>\n<\/td>\n<td>\n<p class=\"textojustificado\">Ir al inicio<\/p>\n<\/td>\n<td>\n<p class=\"textojustificado\">Parte superior de la p\u00e1gina<\/p>\n<\/td>\n<\/tr>\n<tr>\n<td>\n<p class=\"textojustificado\">Fin<\/p>\n<\/td>\n<td>\n<p class=\"textojustificado\">Ir al final<\/p>\n<\/td>\n<td>\n<p class=\"textojustificado\">Parte inferior de la p\u00e1gina<\/p>\n<\/td>\n<\/tr>\n<tr>\n<td>\n<p class=\"textojustificado\">\n<\/td>\n<td>\n<p class=\"textojustificado\">\n<\/td>\n<td>\n<p class=\"textojustificado\">\n<\/td>\n<\/tr>\n<\/tbody>\n<\/table>\n<div class=\"clr\"><\/div>\n<p>Dependiendo del navegador desde el cual se est\u00e9 accediendo al portal, ser\u00e1 necesario utilizar una combinaci\u00f3n de teclas u otras para el uso de\u00a0los atajos de teclado:<\/p>\n<table>\n<thead>\n<tr>\n<th scope=\"col\">Sistema Operativo<\/th>\n<th scope=\"col\">Navegador<\/th>\n<th scope=\"col\">Combinaci\u00f3n de teclas<\/th>\n<\/tr>\n<\/thead>\n<tbody>\n<tr>\n<td>Windows<\/td>\n<td>Internet Explorer<\/p>\n<p>Google Chrome<\/p>\n<p>Safari<\/p>\n<p>Firefox<\/td>\n<td>Alt + Tecla de atajo<\/p>\n<p>Alt + Tecla de atajo<\/p>\n<p>Alt + Tecla de atajo<\/p>\n<p>Alt + May\u00fascula + Tecla de atajo<\/td>\n<\/tr>\n<tr>\n<td>MAC<\/td>\n<td>Safari<\/p>\n<p>Google Chrome<\/p>\n<p>Firefox<\/td>\n<td>Ctrl + Alt + Tecla de atajo<\/p>\n<p>Ctrl + Alt + Tecla de atajo<\/p>\n<p>Ctrl + Tecla de atajo<\/td>\n<\/tr>\n<tr>\n<td>Ubuntu<\/td>\n<td>Firefox<\/td>\n<td>Alt + May\u00fascula + Tecla de atajo<\/td>\n<\/tr>\n<\/tbody>\n<\/table>\n\n\t\t<\/div>\n\t<\/div>\n<\/div><\/div><\/div><\/div>\n<\/section>","protected":false},"excerpt":{"rendered":"Accesibilidad Esta web se ha comprometido a hacer accesible su sitio web de conformidad con el Real Decreto 1112\/2018, de 7 de septiembre, sobre accesibilidad de<span class=\"excerpt-hellip\"> [\u2026]<\/span>","protected":false},"author":2,"featured_media":0,"parent":0,"menu_order":0,"comment_status":"closed","ping_status":"closed","template":"","meta":{"footnotes":""},"class_list":["post-967","page","type-page","status-publish","hentry"],"yoast_head":"<!-- This site is optimized with the Yoast SEO Premium plugin v27.2 (Yoast SEO v27.2) - https:\/\/yoast.com\/product\/yoast-seo-premium-wordpress\/ -->\n<title>Accesibilidad - Welcome Bus<\/title>\n<meta name=\"robots\" content=\"index, follow, max-snippet:-1, max-image-preview:large, max-video-preview:-1\" \/>\n<link rel=\"canonical\" href=\"https:\/\/welcomebus.es\/de\/accesibilidad\/\" \/>\n<meta property=\"og:locale\" content=\"de_DE\" \/>\n<meta property=\"og:type\" content=\"article\" \/>\n<meta property=\"og:title\" content=\"Accesibilidad\" \/>\n<meta property=\"og:url\" content=\"https:\/\/welcomebus.es\/de\/accesibilidad\/\" \/>\n<meta property=\"og:site_name\" content=\"Welcome Bus\" \/>\n<meta property=\"article:publisher\" content=\"https:\/\/www.facebook.com\/profile.php?id=100063951604350\" \/>\n<meta property=\"article:modified_time\" content=\"2023-05-13T12:55:46+00:00\" \/>\n<meta property=\"og:image\" content=\"https:\/\/www.consejodetransparencia.es\/resources\/templating-kit\/themes\/transp\/img\/general\/icons\/ico_enlace_externo2.png\" \/>\n<meta name=\"twitter:card\" content=\"summary_large_image\" \/>\n<meta name=\"twitter:label1\" content=\"Gesch\u00e4tzte Lesezeit\" \/>\n\t<meta name=\"twitter:data1\" content=\"4\u00a0Minuten\" \/>\n<script type=\"application\/ld+json\" class=\"yoast-schema-graph\">{\"@context\":\"https:\/\/schema.org\",\"@graph\":[{\"@type\":\"WebPage\",\"@id\":\"https:\/\/welcomebus.es\/de\/accesibilidad\/\",\"url\":\"https:\/\/welcomebus.es\/de\/accesibilidad\/\",\"name\":\"Accesibilidad - Welcome Bus\",\"isPartOf\":{\"@id\":\"https:\/\/welcomebus.es\/#website\"},\"primaryImageOfPage\":{\"@id\":\"https:\/\/welcomebus.es\/de\/accesibilidad\/#primaryimage\"},\"image\":{\"@id\":\"https:\/\/welcomebus.es\/de\/accesibilidad\/#primaryimage\"},\"thumbnailUrl\":\"https:\/\/www.consejodetransparencia.es\/resources\/templating-kit\/themes\/transp\/img\/general\/icons\/ico_enlace_externo2.png\",\"datePublished\":\"2022-10-20T11:45:05+00:00\",\"dateModified\":\"2023-05-13T12:55:46+00:00\",\"breadcrumb\":{\"@id\":\"https:\/\/welcomebus.es\/de\/accesibilidad\/#breadcrumb\"},\"inLanguage\":\"de\",\"potentialAction\":[{\"@type\":\"ReadAction\",\"target\":[\"https:\/\/welcomebus.es\/de\/accesibilidad\/\"]}]},{\"@type\":\"ImageObject\",\"inLanguage\":\"de\",\"@id\":\"https:\/\/welcomebus.es\/de\/accesibilidad\/#primaryimage\",\"url\":\"https:\/\/www.consejodetransparencia.es\/resources\/templating-kit\/themes\/transp\/img\/general\/icons\/ico_enlace_externo2.png\",\"contentUrl\":\"https:\/\/www.consejodetransparencia.es\/resources\/templating-kit\/themes\/transp\/img\/general\/icons\/ico_enlace_externo2.png\"},{\"@type\":\"BreadcrumbList\",\"@id\":\"https:\/\/welcomebus.es\/de\/accesibilidad\/#breadcrumb\",\"itemListElement\":[{\"@type\":\"ListItem\",\"position\":1,\"name\":\"Home\",\"item\":\"https:\/\/welcomebus.es\/de\/\"},{\"@type\":\"ListItem\",\"position\":2,\"name\":\"Accesibilidad\"}]},{\"@type\":\"WebSite\",\"@id\":\"https:\/\/welcomebus.es\/#website\",\"url\":\"https:\/\/welcomebus.es\/\",\"name\":\"Welcome Bus\",\"description\":\"Buchung Gran Canaria und Teneriffa\",\"publisher\":{\"@id\":\"https:\/\/welcomebus.es\/#organization\"},\"alternateName\":\"Welcomebus\",\"potentialAction\":[{\"@type\":\"SearchAction\",\"target\":{\"@type\":\"EntryPoint\",\"urlTemplate\":\"https:\/\/welcomebus.es\/?s={search_term_string}\"},\"query-input\":{\"@type\":\"PropertyValueSpecification\",\"valueRequired\":true,\"valueName\":\"search_term_string\"}}],\"inLanguage\":\"de\"},{\"@type\":\"Organization\",\"@id\":\"https:\/\/welcomebus.es\/#organization\",\"name\":\"Welcome Bus Canarias\",\"alternateName\":\"Welcome Bus Canarias 2017 SL.\",\"url\":\"https:\/\/welcomebus.es\/\",\"logo\":{\"@type\":\"ImageObject\",\"inLanguage\":\"de\",\"@id\":\"https:\/\/welcomebus.es\/#\/schema\/logo\/image\/\",\"url\":\"https:\/\/welcomebus.es\/wp-content\/uploads\/2023\/05\/logo_welcomebus-512.png\",\"contentUrl\":\"https:\/\/welcomebus.es\/wp-content\/uploads\/2023\/05\/logo_welcomebus-512.png\",\"width\":512,\"height\":512,\"caption\":\"Welcome Bus Canarias\"},\"image\":{\"@id\":\"https:\/\/welcomebus.es\/#\/schema\/logo\/image\/\"},\"sameAs\":[\"https:\/\/www.facebook.com\/profile.php?id=100063951604350\"]}]}<\/script>\n<!-- \/ Yoast SEO Premium plugin. -->","yoast_head_json":{"title":"Accesibilidad - Welcome Bus","robots":{"index":"index","follow":"follow","max-snippet":"max-snippet:-1","max-image-preview":"max-image-preview:large","max-video-preview":"max-video-preview:-1"},"canonical":"https:\/\/welcomebus.es\/de\/accesibilidad\/","og_locale":"de_DE","og_type":"article","og_title":"Accesibilidad","og_url":"https:\/\/welcomebus.es\/de\/accesibilidad\/","og_site_name":"Welcome Bus","article_publisher":"https:\/\/www.facebook.com\/profile.php?id=100063951604350","article_modified_time":"2023-05-13T12:55:46+00:00","og_image":[{"url":"https:\/\/www.consejodetransparencia.es\/resources\/templating-kit\/themes\/transp\/img\/general\/icons\/ico_enlace_externo2.png","type":"","width":"","height":""}],"twitter_card":"summary_large_image","twitter_misc":{"Gesch\u00e4tzte Lesezeit":"4\u00a0Minuten"},"schema":{"@context":"https:\/\/schema.org","@graph":[{"@type":"WebPage","@id":"https:\/\/welcomebus.es\/de\/accesibilidad\/","url":"https:\/\/welcomebus.es\/de\/accesibilidad\/","name":"Accesibilidad - Welcome Bus","isPartOf":{"@id":"https:\/\/welcomebus.es\/#website"},"primaryImageOfPage":{"@id":"https:\/\/welcomebus.es\/de\/accesibilidad\/#primaryimage"},"image":{"@id":"https:\/\/welcomebus.es\/de\/accesibilidad\/#primaryimage"},"thumbnailUrl":"https:\/\/www.consejodetransparencia.es\/resources\/templating-kit\/themes\/transp\/img\/general\/icons\/ico_enlace_externo2.png","datePublished":"2022-10-20T11:45:05+00:00","dateModified":"2023-05-13T12:55:46+00:00","breadcrumb":{"@id":"https:\/\/welcomebus.es\/de\/accesibilidad\/#breadcrumb"},"inLanguage":"de","potentialAction":[{"@type":"ReadAction","target":["https:\/\/welcomebus.es\/de\/accesibilidad\/"]}]},{"@type":"ImageObject","inLanguage":"de","@id":"https:\/\/welcomebus.es\/de\/accesibilidad\/#primaryimage","url":"https:\/\/www.consejodetransparencia.es\/resources\/templating-kit\/themes\/transp\/img\/general\/icons\/ico_enlace_externo2.png","contentUrl":"https:\/\/www.consejodetransparencia.es\/resources\/templating-kit\/themes\/transp\/img\/general\/icons\/ico_enlace_externo2.png"},{"@type":"BreadcrumbList","@id":"https:\/\/welcomebus.es\/de\/accesibilidad\/#breadcrumb","itemListElement":[{"@type":"ListItem","position":1,"name":"Home","item":"https:\/\/welcomebus.es\/de\/"},{"@type":"ListItem","position":2,"name":"Accesibilidad"}]},{"@type":"WebSite","@id":"https:\/\/welcomebus.es\/#website","url":"https:\/\/welcomebus.es\/","name":"Welcome Bus","description":"Buchung Gran Canaria und Teneriffa","publisher":{"@id":"https:\/\/welcomebus.es\/#organization"},"alternateName":"Welcomebus","potentialAction":[{"@type":"SearchAction","target":{"@type":"EntryPoint","urlTemplate":"https:\/\/welcomebus.es\/?s={search_term_string}"},"query-input":{"@type":"PropertyValueSpecification","valueRequired":true,"valueName":"search_term_string"}}],"inLanguage":"de"},{"@type":"Organization","@id":"https:\/\/welcomebus.es\/#organization","name":"Welcome Bus Canarias","alternateName":"Welcome Bus Canarias 2017 SL.","url":"https:\/\/welcomebus.es\/","logo":{"@type":"ImageObject","inLanguage":"de","@id":"https:\/\/welcomebus.es\/#\/schema\/logo\/image\/","url":"https:\/\/welcomebus.es\/wp-content\/uploads\/2023\/05\/logo_welcomebus-512.png","contentUrl":"https:\/\/welcomebus.es\/wp-content\/uploads\/2023\/05\/logo_welcomebus-512.png","width":512,"height":512,"caption":"Welcome Bus Canarias"},"image":{"@id":"https:\/\/welcomebus.es\/#\/schema\/logo\/image\/"},"sameAs":["https:\/\/www.facebook.com\/profile.php?id=100063951604350"]}]}},"_links":{"self":[{"href":"https:\/\/welcomebus.es\/de\/wp-json\/wp\/v2\/pages\/967","targetHints":{"allow":["GET"]}}],"collection":[{"href":"https:\/\/welcomebus.es\/de\/wp-json\/wp\/v2\/pages"}],"about":[{"href":"https:\/\/welcomebus.es\/de\/wp-json\/wp\/v2\/types\/page"}],"author":[{"embeddable":true,"href":"https:\/\/welcomebus.es\/de\/wp-json\/wp\/v2\/users\/2"}],"replies":[{"embeddable":true,"href":"https:\/\/welcomebus.es\/de\/wp-json\/wp\/v2\/comments?post=967"}],"version-history":[{"count":8,"href":"https:\/\/welcomebus.es\/de\/wp-json\/wp\/v2\/pages\/967\/revisions"}],"predecessor-version":[{"id":1080,"href":"https:\/\/welcomebus.es\/de\/wp-json\/wp\/v2\/pages\/967\/revisions\/1080"}],"wp:attachment":[{"href":"https:\/\/welcomebus.es\/de\/wp-json\/wp\/v2\/media?parent=967"}],"curies":[{"name":"wp","href":"https:\/\/api.w.org\/{rel}","templated":true}]}}